{"id":1333,"date":"2019-06-05T17:47:23","date_gmt":"2019-06-05T15:47:23","guid":{"rendered":"https:\/\/www.mathweb.fr\/euclide\/?page_id=1333"},"modified":"2025-06-07T14:41:24","modified_gmt":"2025-06-07T12:41:24","slug":"exercices-corriges-maths-1ere","status":"publish","type":"page","link":"https:\/\/www.mathweb.fr\/euclide\/exercices-corriges-maths-1ere\/","title":{"rendered":"Exercices corrig\u00e9s maths 1\u00e8re sp\u00e9cialit\u00e9 math\u00e9matiques PDF"},"content":{"rendered":"\n<p>Vous \u00eates \u00e0 la recherche d&#8217;exercices corrig\u00e9s de maths en 1\u00e8re, enseignement de sp\u00e9cialit\u00e9, en PDF ? Vous \u00eates au bon endroit !<\/p>\n\n\n\n<p>Et si vous avez besoin d&#8217;un cours de maths par webcam, consultez mon site d\u00e9di\u00e9 : <a href=\"https:\/\/courspasquet.fr\" target=\"_blank\" rel=\"noreferrer noopener\">https:\/\/courspasquet.fr<\/a><\/p>\n\n\n\n<h2 class=\"wp-block-heading\">Cours et exercices corrig\u00e9s de maths en 1\u00e8re sp\u00e9cialit\u00e9 PDF<\/h2>\n\n\n<div class=\"wp-block-image\">\n<figure class=\"aligncenter size-medium\"><a href=\"https:\/\/www.mathweb.fr\/euclide\/wp-content\/uploads\/2025\/06\/premiere-1.webp\" data-fancybox=\"gallery\"><img loading=\"lazy\" decoding=\"async\" width=\"212\" height=\"300\" src=\"https:\/\/www.mathweb.fr\/euclide\/wp-content\/uploads\/2025\/06\/premiere-1-212x300.webp\" alt=\"exercices corrig\u00e9s maths premi\u00e8re pdf\" class=\"wp-image-10910\" srcset=\"https:\/\/www.mathweb.fr\/euclide\/wp-content\/uploads\/2025\/06\/premiere-1-212x300.webp 212w, https:\/\/www.mathweb.fr\/euclide\/wp-content\/uploads\/2025\/06\/premiere-1-724x1024.webp 724w, https:\/\/www.mathweb.fr\/euclide\/wp-content\/uploads\/2025\/06\/premiere-1-768x1086.webp 768w, https:\/\/www.mathweb.fr\/euclide\/wp-content\/uploads\/2025\/06\/premiere-1-1086x1536.webp 1086w, https:\/\/www.mathweb.fr\/euclide\/wp-content\/uploads\/2025\/06\/premiere-1.webp 1240w\" sizes=\"auto, (max-width: 212px) 100vw, 212px\" \/><\/a><figcaption class=\"wp-element-caption\">1\u00e8re maths sp\u00e9cialit\u00e9<\/figcaption><\/figure>\n<\/div>\n\n\n<p class=\"is-style-Paragraph-paragraph\">Nous fournissons le fichier dans un fichier compress\u00e9 ZIP avec tous les codes Python.. En effet, avoir quelques bases de Python sera n\u00e9cessaire pour les futures \u00e9tudes.<\/p>\n\n\n\n<p class=\"is-style-Paragraph-paragraph\">De plus, les examinateurs poseront au moins une question sur Python lors de tout examen de math\u00e9matiques (en 1\u00e8re si l&#8217;\u00e9l\u00e8ve abandonne la mati\u00e8re, ou en Terminale).. Vous y trouverez abord\u00e9es toutes les notions exigibles du programme en vigueur:<\/p>\n\n\n\n<ul class=\"wp-block-list\">\n<li>Le second degr\u00e9<\/li>\n\n\n\n<li>D\u00e9rivation<\/li>\n\n\n\n<li>Suites num\u00e9riques<\/li>\n\n\n\n<li>Fonction exponentielle<\/li>\n\n\n\n<li>Fonctions trigonom\u00e9triques<\/li>\n\n\n\n<li>Produit scalaire<\/li>\n\n\n\n<li>Application du produit scalaire<\/li>\n\n\n\n<li>Probabilit\u00e9s conditionnelles<\/li>\n\n\n\n<li>Variables al\u00e9atoires<\/li>\n\n\n\n<li>Des exercices de synth\u00e8ses pour faire le point<\/li>\n<\/ul>\n\n\n\n<h2 class=\"wp-block-heading\">T\u00e9l\u00e9chargement<\/h2>\n\n\n\n<p>Dans ce livre d&#8217;exercices corrig\u00e9s de maths, niveau 1\u00e8re enseignement de sp\u00e9cialit\u00e9, pour chaque chapitre, il y a :<\/p>\n\n\n\n<ul class=\"wp-block-list\">\n<li>une partie &#8220;Cours&#8221;, bien d\u00e9taill\u00e9e, avec les propri\u00e9t\u00e9s, les th\u00e9or\u00e8mes, les formules bien en \u00e9vidence;<\/li>\n\n\n\n<li>une autre &#8220;Exercices&#8221; o\u00f9 vous verrez les \u00e9nonc\u00e9s d&#8217;exercices divers, couvrant toutes les notions \u00e0 comprendre;<\/li>\n\n\n\n<li>une derni\u00e8re partie &#8220;Corrig\u00e9s&#8221; o\u00f9 vous aurez la correction d\u00e9taill\u00e9e de chaque exercice.<\/li>\n<\/ul>\n\n\n\n<figure class=\"wp-block-embed aligncenter is-type-wp-embed is-provider-livres-de-maths-pdf wp-block-embed-livres-de-maths-pdf\"><div class=\"wp-block-embed__wrapper\">\n<blockquote class=\"wp-embedded-content\" data-secret=\"ctOVFONluW\"><a href=\"https:\/\/livres-maths-pdf.mathweb.fr\/produit\/cours-et-exercices-corriges-de-mathematiques-en-pdf-1ere-spe-maths\/\">Cours et exercices corrig\u00e9s de math\u00e9matiques en PDF, 1\u00e8re Sp\u00e9 Maths<\/a><\/blockquote><iframe loading=\"lazy\" class=\"wp-embedded-content\" sandbox=\"allow-scripts\" security=\"restricted\" style=\"position: absolute; visibility: hidden;\" title=\"\u00ab\u00a0Cours et exercices corrig\u00e9s de math\u00e9matiques en PDF, 1\u00e8re Sp\u00e9 Maths\u00a0\u00bb &#8212; Livres de maths PDF\" src=\"https:\/\/livres-maths-pdf.mathweb.fr\/produit\/cours-et-exercices-corriges-de-mathematiques-en-pdf-1ere-spe-maths\/embed\/#?secret=on0nSC8zwZ#?secret=ctOVFONluW\" data-secret=\"ctOVFONluW\" width=\"600\" height=\"338\" frameborder=\"0\" marginwidth=\"0\" marginheight=\"0\" scrolling=\"no\"><\/iframe>\n<\/div><\/figure>\n\n\n\n<h2 class=\"wp-block-heading\">Mise \u00e0 jour gratuite jusqu&#8217;au mois de juillet prochain<\/h2>\n\n\n\n<p>Quand vous achetez le livre, je vous enverrai un email \u00e0 chaque fois que je mettrai \u00e0 jour le PDF (ajout d&#8217;exercices, correction d&#8217;\u00e9ventuelles erreurs ou autre)..<\/p>\n\n\n\n<p>L&#8217;avantage de ces livres est que j&#8217;ai dot\u00e9 chaque exercice d&#8217;un lien cliquable qui vous permet de me signaler une \u00e9ventuelle erreur ou un commentaire quelconque. Cela fait \u00e9voluer ce livre au fil des ann\u00e9es.<\/p>\n","protected":false},"excerpt":{"rendered":"<p>Vous \u00eates \u00e0 la recherche d&#8217;exercices corrig\u00e9s de maths en 1\u00e8re, enseignement de sp\u00e9cialit\u00e9, en PDF ? Vous \u00eates au bon endroit ! Et si vous avez besoin d&#8217;un cours de maths par webcam, consultez mon site d\u00e9di\u00e9 : https:\/\/courspasquet.fr Cours et exercices corrig\u00e9s de maths en 1\u00e8re sp\u00e9cialit\u00e9 PDF [&hellip;]<\/p>\n","protected":false},"author":1,"featured_media":0,"parent":0,"menu_order":0,"comment_status":"closed","ping_status":"closed","template":"","meta":{"footnotes":""},"class_list":["post-1333","page","type-page","status-publish","hentry"],"yoast_head":"<!-- This site is optimized with the Yoast SEO plugin v27.4 - https:\/\/yoast.com\/product\/yoast-seo-wordpress\/ -->\n<title>Exercices corrig\u00e9s maths 1\u00e8re sp\u00e9cialit\u00e9 math\u00e9matiques PDF - Mathweb.fr<\/title>\n<meta name=\"description\" content=\"Je suis enseignant et vous propose un livre d&#039;exercices corrig\u00e9s de maths en 1\u00e8re sp\u00e9cialit\u00e9 PDF. Les codes Python sont fournis avec le PDF.\" \/>\n<meta name=\"robots\" content=\"index, follow, max-snippet:-1, max-image-preview:large, max-video-preview:-1\" \/>\n<link rel=\"canonical\" href=\"https:\/\/www.mathweb.fr\/euclide\/exercices-corriges-maths-1ere\/\" \/>\n<meta property=\"og:locale\" content=\"fr_FR\" \/>\n<meta property=\"og:type\" content=\"article\" \/>\n<meta property=\"og:title\" content=\"Exercices corrig\u00e9s maths 1\u00e8re sp\u00e9cialit\u00e9 math\u00e9matiques PDF - Mathweb.fr\" \/>\n<meta property=\"og:description\" content=\"Je suis enseignant et vous propose un livre d&#039;exercices corrig\u00e9s de maths en 1\u00e8re sp\u00e9cialit\u00e9 PDF. Les codes Python sont fournis avec le PDF.\" \/>\n<meta property=\"og:url\" content=\"https:\/\/www.mathweb.fr\/euclide\/exercices-corriges-maths-1ere\/\" \/>\n<meta property=\"og:site_name\" content=\"Mathweb.fr\" \/>\n<meta property=\"article:modified_time\" content=\"2025-06-07T12:41:24+00:00\" \/>\n<meta property=\"og:image\" content=\"https:\/\/www.mathweb.fr\/euclide\/wp-content\/uploads\/2025\/06\/premiere-1.webp\" \/>\n\t<meta property=\"og:image:width\" content=\"1240\" \/>\n\t<meta property=\"og:image:height\" content=\"1754\" \/>\n\t<meta property=\"og:image:type\" content=\"image\/webp\" \/>\n<meta name=\"twitter:card\" content=\"summary_large_image\" \/>\n<meta name=\"twitter:label1\" content=\"Dur\u00e9e de lecture estim\u00e9e\" \/>\n\t<meta name=\"twitter:data1\" content=\"2 minutes\" \/>\n<script type=\"application\/ld+json\" class=\"yoast-schema-graph\">{\"@context\":\"https:\\\/\\\/schema.org\",\"@graph\":[{\"@type\":\"WebPage\",\"@id\":\"https:\\\/\\\/www.mathweb.fr\\\/euclide\\\/exercices-corriges-maths-1ere\\\/\",\"url\":\"https:\\\/\\\/www.mathweb.fr\\\/euclide\\\/exercices-corriges-maths-1ere\\\/\",\"name\":\"Exercices corrig\u00e9s maths 1\u00e8re sp\u00e9cialit\u00e9 math\u00e9matiques PDF - Mathweb.fr\",\"isPartOf\":{\"@id\":\"https:\\\/\\\/www.mathweb.fr\\\/euclide\\\/#website\"},\"primaryImageOfPage\":{\"@id\":\"https:\\\/\\\/www.mathweb.fr\\\/euclide\\\/exercices-corriges-maths-1ere\\\/#primaryimage\"},\"image\":{\"@id\":\"https:\\\/\\\/www.mathweb.fr\\\/euclide\\\/exercices-corriges-maths-1ere\\\/#primaryimage\"},\"thumbnailUrl\":\"https:\\\/\\\/www.mathweb.fr\\\/euclide\\\/wp-content\\\/uploads\\\/2025\\\/06\\\/premiere-1-212x300.webp\",\"datePublished\":\"2019-06-05T15:47:23+00:00\",\"dateModified\":\"2025-06-07T12:41:24+00:00\",\"description\":\"Je suis enseignant et vous propose un livre d'exercices corrig\u00e9s de maths en 1\u00e8re sp\u00e9cialit\u00e9 PDF. Les codes Python sont fournis avec le PDF.\",\"breadcrumb\":{\"@id\":\"https:\\\/\\\/www.mathweb.fr\\\/euclide\\\/exercices-corriges-maths-1ere\\\/#breadcrumb\"},\"inLanguage\":\"fr-FR\",\"potentialAction\":[{\"@type\":\"ReadAction\",\"target\":[\"https:\\\/\\\/www.mathweb.fr\\\/euclide\\\/exercices-corriges-maths-1ere\\\/\"]}]},{\"@type\":\"ImageObject\",\"inLanguage\":\"fr-FR\",\"@id\":\"https:\\\/\\\/www.mathweb.fr\\\/euclide\\\/exercices-corriges-maths-1ere\\\/#primaryimage\",\"url\":\"https:\\\/\\\/www.mathweb.fr\\\/euclide\\\/wp-content\\\/uploads\\\/2025\\\/06\\\/premiere-1.webp\",\"contentUrl\":\"https:\\\/\\\/www.mathweb.fr\\\/euclide\\\/wp-content\\\/uploads\\\/2025\\\/06\\\/premiere-1.webp\",\"width\":1240,\"height\":1754},{\"@type\":\"BreadcrumbList\",\"@id\":\"https:\\\/\\\/www.mathweb.fr\\\/euclide\\\/exercices-corriges-maths-1ere\\\/#breadcrumb\",\"itemListElement\":[{\"@type\":\"ListItem\",\"position\":1,\"name\":\"Accueil\",\"item\":\"https:\\\/\\\/www.mathweb.fr\\\/euclide\\\/\"},{\"@type\":\"ListItem\",\"position\":2,\"name\":\"Exercices corrig\u00e9s maths 1\u00e8re sp\u00e9cialit\u00e9 math\u00e9matiques PDF\"}]},{\"@type\":\"WebSite\",\"@id\":\"https:\\\/\\\/www.mathweb.fr\\\/euclide\\\/#website\",\"url\":\"https:\\\/\\\/www.mathweb.fr\\\/euclide\\\/\",\"name\":\"Mathweb.fr\",\"description\":\"Math\u00e9matiques, LaTeX et Python\",\"publisher\":{\"@id\":\"https:\\\/\\\/www.mathweb.fr\\\/euclide\\\/#\\\/schema\\\/person\\\/e4d3bb07968238378f0d5052a70dcd69\"},\"potentialAction\":[{\"@type\":\"SearchAction\",\"target\":{\"@type\":\"EntryPoint\",\"urlTemplate\":\"https:\\\/\\\/www.mathweb.fr\\\/euclide\\\/?s={search_term_string}\"},\"query-input\":{\"@type\":\"PropertyValueSpecification\",\"valueRequired\":true,\"valueName\":\"search_term_string\"}}],\"inLanguage\":\"fr-FR\"},{\"@type\":[\"Person\",\"Organization\"],\"@id\":\"https:\\\/\\\/www.mathweb.fr\\\/euclide\\\/#\\\/schema\\\/person\\\/e4d3bb07968238378f0d5052a70dcd69\",\"name\":\"St\u00e9phane Pasquet\",\"image\":{\"@type\":\"ImageObject\",\"inLanguage\":\"fr-FR\",\"@id\":\"https:\\\/\\\/www.mathweb.fr\\\/euclide\\\/wp-content\\\/uploads\\\/2025\\\/06\\\/cropped-logo-mathweb.webp\",\"url\":\"https:\\\/\\\/www.mathweb.fr\\\/euclide\\\/wp-content\\\/uploads\\\/2025\\\/06\\\/cropped-logo-mathweb.webp\",\"contentUrl\":\"https:\\\/\\\/www.mathweb.fr\\\/euclide\\\/wp-content\\\/uploads\\\/2025\\\/06\\\/cropped-logo-mathweb.webp\",\"width\":74,\"height\":77,\"caption\":\"St\u00e9phane Pasquet\"},\"logo\":{\"@id\":\"https:\\\/\\\/www.mathweb.fr\\\/euclide\\\/wp-content\\\/uploads\\\/2025\\\/06\\\/cropped-logo-mathweb.webp\"}}]}<\/script>\n<!-- \/ Yoast SEO plugin. -->","yoast_head_json":{"title":"Exercices corrig\u00e9s maths 1\u00e8re sp\u00e9cialit\u00e9 math\u00e9matiques PDF - Mathweb.fr","description":"Je suis enseignant et vous propose un livre d'exercices corrig\u00e9s de maths en 1\u00e8re sp\u00e9cialit\u00e9 PDF. Les codes Python sont fournis avec le PDF.","robots":{"index":"index","follow":"follow","max-snippet":"max-snippet:-1","max-image-preview":"max-image-preview:large","max-video-preview":"max-video-preview:-1"},"canonical":"https:\/\/www.mathweb.fr\/euclide\/exercices-corriges-maths-1ere\/","og_locale":"fr_FR","og_type":"article","og_title":"Exercices corrig\u00e9s maths 1\u00e8re sp\u00e9cialit\u00e9 math\u00e9matiques PDF - Mathweb.fr","og_description":"Je suis enseignant et vous propose un livre d'exercices corrig\u00e9s de maths en 1\u00e8re sp\u00e9cialit\u00e9 PDF. Les codes Python sont fournis avec le PDF.","og_url":"https:\/\/www.mathweb.fr\/euclide\/exercices-corriges-maths-1ere\/","og_site_name":"Mathweb.fr","article_modified_time":"2025-06-07T12:41:24+00:00","og_image":[{"width":1240,"height":1754,"url":"https:\/\/www.mathweb.fr\/euclide\/wp-content\/uploads\/2025\/06\/premiere-1.webp","type":"image\/webp"}],"twitter_card":"summary_large_image","twitter_misc":{"Dur\u00e9e de lecture estim\u00e9e":"2 minutes"},"schema":{"@context":"https:\/\/schema.org","@graph":[{"@type":"WebPage","@id":"https:\/\/www.mathweb.fr\/euclide\/exercices-corriges-maths-1ere\/","url":"https:\/\/www.mathweb.fr\/euclide\/exercices-corriges-maths-1ere\/","name":"Exercices corrig\u00e9s maths 1\u00e8re sp\u00e9cialit\u00e9 math\u00e9matiques PDF - Mathweb.fr","isPartOf":{"@id":"https:\/\/www.mathweb.fr\/euclide\/#website"},"primaryImageOfPage":{"@id":"https:\/\/www.mathweb.fr\/euclide\/exercices-corriges-maths-1ere\/#primaryimage"},"image":{"@id":"https:\/\/www.mathweb.fr\/euclide\/exercices-corriges-maths-1ere\/#primaryimage"},"thumbnailUrl":"https:\/\/www.mathweb.fr\/euclide\/wp-content\/uploads\/2025\/06\/premiere-1-212x300.webp","datePublished":"2019-06-05T15:47:23+00:00","dateModified":"2025-06-07T12:41:24+00:00","description":"Je suis enseignant et vous propose un livre d'exercices corrig\u00e9s de maths en 1\u00e8re sp\u00e9cialit\u00e9 PDF. Les codes Python sont fournis avec le PDF.","breadcrumb":{"@id":"https:\/\/www.mathweb.fr\/euclide\/exercices-corriges-maths-1ere\/#breadcrumb"},"inLanguage":"fr-FR","potentialAction":[{"@type":"ReadAction","target":["https:\/\/www.mathweb.fr\/euclide\/exercices-corriges-maths-1ere\/"]}]},{"@type":"ImageObject","inLanguage":"fr-FR","@id":"https:\/\/www.mathweb.fr\/euclide\/exercices-corriges-maths-1ere\/#primaryimage","url":"https:\/\/www.mathweb.fr\/euclide\/wp-content\/uploads\/2025\/06\/premiere-1.webp","contentUrl":"https:\/\/www.mathweb.fr\/euclide\/wp-content\/uploads\/2025\/06\/premiere-1.webp","width":1240,"height":1754},{"@type":"BreadcrumbList","@id":"https:\/\/www.mathweb.fr\/euclide\/exercices-corriges-maths-1ere\/#breadcrumb","itemListElement":[{"@type":"ListItem","position":1,"name":"Accueil","item":"https:\/\/www.mathweb.fr\/euclide\/"},{"@type":"ListItem","position":2,"name":"Exercices corrig\u00e9s maths 1\u00e8re sp\u00e9cialit\u00e9 math\u00e9matiques PDF"}]},{"@type":"WebSite","@id":"https:\/\/www.mathweb.fr\/euclide\/#website","url":"https:\/\/www.mathweb.fr\/euclide\/","name":"Mathweb.fr","description":"Math\u00e9matiques, LaTeX et Python","publisher":{"@id":"https:\/\/www.mathweb.fr\/euclide\/#\/schema\/person\/e4d3bb07968238378f0d5052a70dcd69"},"potentialAction":[{"@type":"SearchAction","target":{"@type":"EntryPoint","urlTemplate":"https:\/\/www.mathweb.fr\/euclide\/?s={search_term_string}"},"query-input":{"@type":"PropertyValueSpecification","valueRequired":true,"valueName":"search_term_string"}}],"inLanguage":"fr-FR"},{"@type":["Person","Organization"],"@id":"https:\/\/www.mathweb.fr\/euclide\/#\/schema\/person\/e4d3bb07968238378f0d5052a70dcd69","name":"St\u00e9phane Pasquet","image":{"@type":"ImageObject","inLanguage":"fr-FR","@id":"https:\/\/www.mathweb.fr\/euclide\/wp-content\/uploads\/2025\/06\/cropped-logo-mathweb.webp","url":"https:\/\/www.mathweb.fr\/euclide\/wp-content\/uploads\/2025\/06\/cropped-logo-mathweb.webp","contentUrl":"https:\/\/www.mathweb.fr\/euclide\/wp-content\/uploads\/2025\/06\/cropped-logo-mathweb.webp","width":74,"height":77,"caption":"St\u00e9phane Pasquet"},"logo":{"@id":"https:\/\/www.mathweb.fr\/euclide\/wp-content\/uploads\/2025\/06\/cropped-logo-mathweb.webp"}}]}},"_links":{"self":[{"href":"https:\/\/www.mathweb.fr\/euclide\/wp-json\/wp\/v2\/pages\/1333","targetHints":{"allow":["GET"]}}],"collection":[{"href":"https:\/\/www.mathweb.fr\/euclide\/wp-json\/wp\/v2\/pages"}],"about":[{"href":"https:\/\/www.mathweb.fr\/euclide\/wp-json\/wp\/v2\/types\/page"}],"author":[{"embeddable":true,"href":"https:\/\/www.mathweb.fr\/euclide\/wp-json\/wp\/v2\/users\/1"}],"replies":[{"embeddable":true,"href":"https:\/\/www.mathweb.fr\/euclide\/wp-json\/wp\/v2\/comments?post=1333"}],"version-history":[{"count":4,"href":"https:\/\/www.mathweb.fr\/euclide\/wp-json\/wp\/v2\/pages\/1333\/revisions"}],"predecessor-version":[{"id":10911,"href":"https:\/\/www.mathweb.fr\/euclide\/wp-json\/wp\/v2\/pages\/1333\/revisions\/10911"}],"wp:attachment":[{"href":"https:\/\/www.mathweb.fr\/euclide\/wp-json\/wp\/v2\/media?parent=1333"}],"curies":[{"name":"wp","href":"https:\/\/api.w.org\/{rel}","templated":true}]}}