{"id":1509,"date":"2019-09-27T11:15:45","date_gmt":"2019-09-27T09:15:45","guid":{"rendered":"https:\/\/www.mathweb.fr\/euclide\/?page_id=1509"},"modified":"2024-05-25T15:37:28","modified_gmt":"2024-05-25T13:37:28","slug":"generateur-de-grilles-de-sudoku","status":"publish","type":"page","link":"https:\/\/www.mathweb.fr\/euclide\/generateur-de-grilles-de-sudoku\/","title":{"rendered":"G\u00e9n\u00e9rateur de grilles de Sudoku"},"content":{"rendered":"\n<p>Vous cherchez un g\u00e9n\u00e9rateur de grilles de Sudoku sous Windows ? Peut-\u00eatre que ce qui va suivre vous int\u00e9ressera. Ce g\u00e9n\u00e9rateur  peut exporter au format \\(\\LaTeX\\) les grilles. <\/p>\n\n\n\n<!--more-->\n\n\n\n<h2 class=\"wp-block-heading\">Captures d&#8217;\u00e9cran<\/h2>\n\n\n\n<figure class=\"wp-block-gallery has-nested-images columns-default is-cropped wp-block-gallery-1 is-layout-flex wp-block-gallery-is-layout-flex\">\n<figure class=\"wp-block-image size-large\"><a href=\"https:\/\/www.mathweb.fr\/euclide\/wp-content\/uploads\/2019\/09\/sudoku01.png\" data-fancybox=\"gallery\"><img loading=\"lazy\" decoding=\"async\" width=\"356\" height=\"297\" data-id=\"1510\" src=\"https:\/\/www.mathweb.fr\/euclide\/wp-content\/uploads\/2019\/09\/sudoku01.png\" alt=\"g\u00e9n\u00e9rateur sudoku\" class=\"wp-image-1510\" srcset=\"https:\/\/www.mathweb.fr\/euclide\/wp-content\/uploads\/2019\/09\/sudoku01.png 356w, https:\/\/www.mathweb.fr\/euclide\/wp-content\/uploads\/2019\/09\/sudoku01-300x250.png 300w\" sizes=\"auto, (max-width: 356px) 100vw, 356px\" \/><\/a><\/figure>\n\n\n\n<figure class=\"wp-block-image size-large\"><a href=\"https:\/\/www.mathweb.fr\/euclide\/wp-content\/uploads\/2019\/09\/sudoku02.png\" data-fancybox=\"gallery\"><img loading=\"lazy\" decoding=\"async\" width=\"321\" height=\"429\" data-id=\"1511\" src=\"https:\/\/www.mathweb.fr\/euclide\/wp-content\/uploads\/2019\/09\/sudoku02.png\" alt=\"\" class=\"wp-image-1511\" srcset=\"https:\/\/www.mathweb.fr\/euclide\/wp-content\/uploads\/2019\/09\/sudoku02.png 321w, https:\/\/www.mathweb.fr\/euclide\/wp-content\/uploads\/2019\/09\/sudoku02-224x300.png 224w\" sizes=\"auto, (max-width: 321px) 100vw, 321px\" \/><\/a><\/figure>\n\n\n\n<figure class=\"wp-block-image size-large\"><a href=\"https:\/\/www.mathweb.fr\/euclide\/wp-content\/uploads\/2019\/09\/sudoku03.png\" data-fancybox=\"gallery\"><img loading=\"lazy\" decoding=\"async\" width=\"321\" height=\"403\" data-id=\"1512\" src=\"https:\/\/www.mathweb.fr\/euclide\/wp-content\/uploads\/2019\/09\/sudoku03.png\" alt=\"\" class=\"wp-image-1512\" srcset=\"https:\/\/www.mathweb.fr\/euclide\/wp-content\/uploads\/2019\/09\/sudoku03.png 321w, https:\/\/www.mathweb.fr\/euclide\/wp-content\/uploads\/2019\/09\/sudoku03-300x377.png 300w, https:\/\/www.mathweb.fr\/euclide\/wp-content\/uploads\/2019\/09\/sudoku03-239x300.png 239w\" sizes=\"auto, (max-width: 321px) 100vw, 321px\" \/><\/a><\/figure>\n<figcaption class=\"blocks-gallery-caption wp-element-caption\">G\u00e9n\u00e9rateur de grilles de Sudoku<\/figcaption><\/figure>\n\n\n\n<figure class=\"wp-block-video aligncenter\"><video height=\"720\" style=\"aspect-ratio: 1280 \/ 720;\" width=\"1280\" controls src=\"https:\/\/www.mathweb.fr\/euclide\/wp-content\/uploads\/2021\/01\/Generateur-de-grilles-de-Sudoku-et-labyrinthe.mp4\"><\/video><\/figure>\n\n\n\n<h2 class=\"wp-block-heading\">G\u00e9n\u00e9rateur de grilles de Sudoku: fonctionnalit\u00e9s<\/h2>\n\n\n\n<p>Ce logiciel permet de g\u00e9n\u00e9rer sous Windows des grilles de Sudoku avec trois niveaux de difficult\u00e9s : facile, moyen et difficile. Plus le niveau est difficile, moins il y a de chiffres au d\u00e9part.<\/p>\n\n\n\n<p>Une fois la grille g\u00e9n\u00e9r\u00e9e, on peut:<\/p>\n\n\n\n<ul class=\"wp-block-list\">\n<li>sauvegarder la grille au format PNG;<\/li>\n\n\n\n<li>convertir la grille au format \\(\\LaTeX\\) et au format PDF;<\/li>\n\n\n\n<li>voir la grille solution.<\/li>\n<\/ul>\n\n\n\n<p>Quand la grille solution est affich\u00e9e, on peut :<\/p>\n\n\n\n<ul class=\"wp-block-list\">\n<li>la sauvegarder au format PNG;<\/li>\n\n\n\n<li>la sauvegarder au format \\(\\LaTeX\\) et au format PDF.<\/li>\n<\/ul>\n\n\n\n<p>Pour toute sauvegarde, on peut choisir le dossier de destination. Dans ce cas, si on choisit par exemple le dossier &#8220;Mes Documents&#8221;, les sauvegardes se feront respectivement dans:<\/p>\n\n\n\n<ul class=\"wp-block-list\">\n<li>&#8220;Mes Document\\Sudoku\\images&#8221;<\/li>\n\n\n\n<li> &#8220;Mes Document\\Sudoku\\latex&#8221; <\/li>\n\n\n\n<li> &#8220;Mes Document\\Sudoku\\pdf&#8221; <\/li>\n<\/ul>\n\n\n\n<p>Le format \\(\\LaTeX\\) fait appel \u00e0 TiKZ pour dessiner les grilles et la g\u00e9n\u00e9ration des PDF se fait via PdfLatex.<\/p>\n\n\n\n<p>Il est indispensable d&#8217;avoir d\u00e9j\u00e0 une distribution \\(\\LaTeX\\) install\u00e9e sur la machine.<\/p>\n\n\n\n<h2 class=\"wp-block-heading\">G\u00e9n\u00e9rateur de grille de Sudoku: t\u00e9l\u00e9chargement du fichier exe (pour Windows uniquement)<\/h2>\n\n\n\n<div class=\"wp-block-file aligncenter um_article\"><a id=\"wp-block-file--media-7cf9f810-23df-49aa-b097-0da73e0d7bb9\" href=\"https:\/\/www.mathweb.fr\/euclide\/wp-content\/uploads\/2021\/01\/sudoku.exe\">sudoku<\/a><a href=\"https:\/\/www.mathweb.fr\/euclide\/wp-content\/uploads\/2021\/01\/sudoku.exe\" class=\"wp-block-file__button wp-element-button\" download aria-describedby=\"wp-block-file--media-7cf9f810-23df-49aa-b097-0da73e0d7bb9\">T\u00e9l\u00e9charger<\/a><\/div>\n\n\n\n<h2 class=\"wp-block-heading\">Le fichier source en Python<\/h2>\n\n\n\n<div class=\"wp-block-file aligncenter\"><a id=\"wp-block-file--media-594e10c5-bce3-4608-a77f-a6af8dbfbe43\" href=\"https:\/\/www.mathweb.fr\/euclide\/wp-content\/uploads\/2024\/05\/sudoku.zip\">sudoku<\/a><a href=\"https:\/\/www.mathweb.fr\/euclide\/wp-content\/uploads\/2024\/05\/sudoku.zip\" class=\"wp-block-file__button wp-element-button\" download aria-describedby=\"wp-block-file--media-594e10c5-bce3-4608-a77f-a6af8dbfbe43\">T\u00e9l\u00e9charger<\/a><\/div>\n","protected":false},"excerpt":{"rendered":"<p>Vous cherchez un g\u00e9n\u00e9rateur de grilles de Sudoku sous Windows ? Peut-\u00eatre que ce qui va suivre vous int\u00e9ressera. Ce g\u00e9n\u00e9rateur peut exporter au format \\(\\LaTeX\\) les grilles.<\/p>\n","protected":false},"author":1,"featured_media":0,"parent":0,"menu_order":0,"comment_status":"open","ping_status":"closed","template":"","meta":{"footnotes":""},"class_list":["post-1509","page","type-page","status-publish","hentry"],"yoast_head":"<!-- This site is optimized with the Yoast SEO plugin v27.5 - https:\/\/yoast.com\/product\/yoast-seo-wordpress\/ -->\n<title>G\u00e9n\u00e9rateur de grilles de Sudoku - Mathweb.fr - Exportation au format PNG<\/title>\n<meta name=\"description\" content=\"Programme g\u00e9n\u00e9rateur de grilles de Sudoku : 3 niveaux (facile, moyen, difficile). Exportation des grilles au format image (PNG) ou PDF.\" \/>\n<meta name=\"robots\" content=\"index, follow, max-snippet:-1, max-image-preview:large, max-video-preview:-1\" \/>\n<link rel=\"canonical\" href=\"https:\/\/www.mathweb.fr\/euclide\/generateur-de-grilles-de-sudoku\/\" \/>\n<meta property=\"og:locale\" content=\"fr_FR\" \/>\n<meta property=\"og:type\" content=\"article\" \/>\n<meta property=\"og:title\" content=\"G\u00e9n\u00e9rateur de grilles de Sudoku - Mathweb.fr - Exportation au format PNG\" \/>\n<meta property=\"og:description\" content=\"Programme g\u00e9n\u00e9rateur de grilles de Sudoku : 3 niveaux (facile, moyen, difficile). Exportation des grilles au format image (PNG) ou PDF.\" \/>\n<meta property=\"og:url\" content=\"https:\/\/www.mathweb.fr\/euclide\/generateur-de-grilles-de-sudoku\/\" \/>\n<meta property=\"og:site_name\" content=\"Mathweb.fr\" \/>\n<meta property=\"article:modified_time\" content=\"2024-05-25T13:37:28+00:00\" \/>\n<meta property=\"og:image\" content=\"https:\/\/www.mathweb.fr\/euclide\/wp-content\/uploads\/2019\/09\/sudoku01.png\" \/>\n<meta name=\"twitter:card\" content=\"summary_large_image\" \/>\n<meta name=\"twitter:label1\" content=\"Dur\u00e9e de lecture estim\u00e9e\" \/>\n\t<meta name=\"twitter:data1\" content=\"2 minutes\" \/>\n<script type=\"application\/ld+json\" class=\"yoast-schema-graph\">{\"@context\":\"https:\\\/\\\/schema.org\",\"@graph\":[{\"@type\":\"WebPage\",\"@id\":\"https:\\\/\\\/www.mathweb.fr\\\/euclide\\\/generateur-de-grilles-de-sudoku\\\/\",\"url\":\"https:\\\/\\\/www.mathweb.fr\\\/euclide\\\/generateur-de-grilles-de-sudoku\\\/\",\"name\":\"G\u00e9n\u00e9rateur de grilles de Sudoku - Mathweb.fr - Exportation au format PNG\",\"isPartOf\":{\"@id\":\"https:\\\/\\\/www.mathweb.fr\\\/euclide\\\/#website\"},\"primaryImageOfPage\":{\"@id\":\"https:\\\/\\\/www.mathweb.fr\\\/euclide\\\/generateur-de-grilles-de-sudoku\\\/#primaryimage\"},\"image\":{\"@id\":\"https:\\\/\\\/www.mathweb.fr\\\/euclide\\\/generateur-de-grilles-de-sudoku\\\/#primaryimage\"},\"thumbnailUrl\":\"https:\\\/\\\/www.mathweb.fr\\\/euclide\\\/wp-content\\\/uploads\\\/2019\\\/09\\\/sudoku01.png\",\"datePublished\":\"2019-09-27T09:15:45+00:00\",\"dateModified\":\"2024-05-25T13:37:28+00:00\",\"description\":\"Programme g\u00e9n\u00e9rateur de grilles de Sudoku : 3 niveaux (facile, moyen, difficile). Exportation des grilles au format image (PNG) ou PDF.\",\"breadcrumb\":{\"@id\":\"https:\\\/\\\/www.mathweb.fr\\\/euclide\\\/generateur-de-grilles-de-sudoku\\\/#breadcrumb\"},\"inLanguage\":\"fr-FR\",\"potentialAction\":[{\"@type\":\"ReadAction\",\"target\":[\"https:\\\/\\\/www.mathweb.fr\\\/euclide\\\/generateur-de-grilles-de-sudoku\\\/\"]}]},{\"@type\":\"ImageObject\",\"inLanguage\":\"fr-FR\",\"@id\":\"https:\\\/\\\/www.mathweb.fr\\\/euclide\\\/generateur-de-grilles-de-sudoku\\\/#primaryimage\",\"url\":\"https:\\\/\\\/www.mathweb.fr\\\/euclide\\\/wp-content\\\/uploads\\\/2019\\\/09\\\/sudoku01.png\",\"contentUrl\":\"https:\\\/\\\/www.mathweb.fr\\\/euclide\\\/wp-content\\\/uploads\\\/2019\\\/09\\\/sudoku01.png\",\"width\":356,\"height\":297},{\"@type\":\"BreadcrumbList\",\"@id\":\"https:\\\/\\\/www.mathweb.fr\\\/euclide\\\/generateur-de-grilles-de-sudoku\\\/#breadcrumb\",\"itemListElement\":[{\"@type\":\"ListItem\",\"position\":1,\"name\":\"Accueil\",\"item\":\"https:\\\/\\\/www.mathweb.fr\\\/euclide\\\/\"},{\"@type\":\"ListItem\",\"position\":2,\"name\":\"G\u00e9n\u00e9rateur de grilles de Sudoku\"}]},{\"@type\":\"WebSite\",\"@id\":\"https:\\\/\\\/www.mathweb.fr\\\/euclide\\\/#website\",\"url\":\"https:\\\/\\\/www.mathweb.fr\\\/euclide\\\/\",\"name\":\"Mathweb.fr\",\"description\":\"Math\u00e9matiques, LaTeX et Python\",\"publisher\":{\"@id\":\"https:\\\/\\\/www.mathweb.fr\\\/euclide\\\/#\\\/schema\\\/person\\\/e4d3bb07968238378f0d5052a70dcd69\"},\"potentialAction\":[{\"@type\":\"SearchAction\",\"target\":{\"@type\":\"EntryPoint\",\"urlTemplate\":\"https:\\\/\\\/www.mathweb.fr\\\/euclide\\\/?s={search_term_string}\"},\"query-input\":{\"@type\":\"PropertyValueSpecification\",\"valueRequired\":true,\"valueName\":\"search_term_string\"}}],\"inLanguage\":\"fr-FR\"},{\"@type\":[\"Person\",\"Organization\"],\"@id\":\"https:\\\/\\\/www.mathweb.fr\\\/euclide\\\/#\\\/schema\\\/person\\\/e4d3bb07968238378f0d5052a70dcd69\",\"name\":\"St\u00e9phane Pasquet\",\"image\":{\"@type\":\"ImageObject\",\"inLanguage\":\"fr-FR\",\"@id\":\"https:\\\/\\\/www.mathweb.fr\\\/euclide\\\/wp-content\\\/uploads\\\/2025\\\/06\\\/cropped-logo-mathweb.webp\",\"url\":\"https:\\\/\\\/www.mathweb.fr\\\/euclide\\\/wp-content\\\/uploads\\\/2025\\\/06\\\/cropped-logo-mathweb.webp\",\"contentUrl\":\"https:\\\/\\\/www.mathweb.fr\\\/euclide\\\/wp-content\\\/uploads\\\/2025\\\/06\\\/cropped-logo-mathweb.webp\",\"width\":74,\"height\":77,\"caption\":\"St\u00e9phane Pasquet\"},\"logo\":{\"@id\":\"https:\\\/\\\/www.mathweb.fr\\\/euclide\\\/wp-content\\\/uploads\\\/2025\\\/06\\\/cropped-logo-mathweb.webp\"}}]}<\/script>\n<!-- \/ Yoast SEO plugin. -->","yoast_head_json":{"title":"G\u00e9n\u00e9rateur de grilles de Sudoku - Mathweb.fr - Exportation au format PNG","description":"Programme g\u00e9n\u00e9rateur de grilles de Sudoku : 3 niveaux (facile, moyen, difficile). Exportation des grilles au format image (PNG) ou PDF.","robots":{"index":"index","follow":"follow","max-snippet":"max-snippet:-1","max-image-preview":"max-image-preview:large","max-video-preview":"max-video-preview:-1"},"canonical":"https:\/\/www.mathweb.fr\/euclide\/generateur-de-grilles-de-sudoku\/","og_locale":"fr_FR","og_type":"article","og_title":"G\u00e9n\u00e9rateur de grilles de Sudoku - Mathweb.fr - Exportation au format PNG","og_description":"Programme g\u00e9n\u00e9rateur de grilles de Sudoku : 3 niveaux (facile, moyen, difficile). Exportation des grilles au format image (PNG) ou PDF.","og_url":"https:\/\/www.mathweb.fr\/euclide\/generateur-de-grilles-de-sudoku\/","og_site_name":"Mathweb.fr","article_modified_time":"2024-05-25T13:37:28+00:00","og_image":[{"url":"https:\/\/www.mathweb.fr\/euclide\/wp-content\/uploads\/2019\/09\/sudoku01.png","type":"","width":"","height":""}],"twitter_card":"summary_large_image","twitter_misc":{"Dur\u00e9e de lecture estim\u00e9e":"2 minutes"},"schema":{"@context":"https:\/\/schema.org","@graph":[{"@type":"WebPage","@id":"https:\/\/www.mathweb.fr\/euclide\/generateur-de-grilles-de-sudoku\/","url":"https:\/\/www.mathweb.fr\/euclide\/generateur-de-grilles-de-sudoku\/","name":"G\u00e9n\u00e9rateur de grilles de Sudoku - Mathweb.fr - Exportation au format PNG","isPartOf":{"@id":"https:\/\/www.mathweb.fr\/euclide\/#website"},"primaryImageOfPage":{"@id":"https:\/\/www.mathweb.fr\/euclide\/generateur-de-grilles-de-sudoku\/#primaryimage"},"image":{"@id":"https:\/\/www.mathweb.fr\/euclide\/generateur-de-grilles-de-sudoku\/#primaryimage"},"thumbnailUrl":"https:\/\/www.mathweb.fr\/euclide\/wp-content\/uploads\/2019\/09\/sudoku01.png","datePublished":"2019-09-27T09:15:45+00:00","dateModified":"2024-05-25T13:37:28+00:00","description":"Programme g\u00e9n\u00e9rateur de grilles de Sudoku : 3 niveaux (facile, moyen, difficile). Exportation des grilles au format image (PNG) ou PDF.","breadcrumb":{"@id":"https:\/\/www.mathweb.fr\/euclide\/generateur-de-grilles-de-sudoku\/#breadcrumb"},"inLanguage":"fr-FR","potentialAction":[{"@type":"ReadAction","target":["https:\/\/www.mathweb.fr\/euclide\/generateur-de-grilles-de-sudoku\/"]}]},{"@type":"ImageObject","inLanguage":"fr-FR","@id":"https:\/\/www.mathweb.fr\/euclide\/generateur-de-grilles-de-sudoku\/#primaryimage","url":"https:\/\/www.mathweb.fr\/euclide\/wp-content\/uploads\/2019\/09\/sudoku01.png","contentUrl":"https:\/\/www.mathweb.fr\/euclide\/wp-content\/uploads\/2019\/09\/sudoku01.png","width":356,"height":297},{"@type":"BreadcrumbList","@id":"https:\/\/www.mathweb.fr\/euclide\/generateur-de-grilles-de-sudoku\/#breadcrumb","itemListElement":[{"@type":"ListItem","position":1,"name":"Accueil","item":"https:\/\/www.mathweb.fr\/euclide\/"},{"@type":"ListItem","position":2,"name":"G\u00e9n\u00e9rateur de grilles de Sudoku"}]},{"@type":"WebSite","@id":"https:\/\/www.mathweb.fr\/euclide\/#website","url":"https:\/\/www.mathweb.fr\/euclide\/","name":"Mathweb.fr","description":"Math\u00e9matiques, LaTeX et Python","publisher":{"@id":"https:\/\/www.mathweb.fr\/euclide\/#\/schema\/person\/e4d3bb07968238378f0d5052a70dcd69"},"potentialAction":[{"@type":"SearchAction","target":{"@type":"EntryPoint","urlTemplate":"https:\/\/www.mathweb.fr\/euclide\/?s={search_term_string}"},"query-input":{"@type":"PropertyValueSpecification","valueRequired":true,"valueName":"search_term_string"}}],"inLanguage":"fr-FR"},{"@type":["Person","Organization"],"@id":"https:\/\/www.mathweb.fr\/euclide\/#\/schema\/person\/e4d3bb07968238378f0d5052a70dcd69","name":"St\u00e9phane Pasquet","image":{"@type":"ImageObject","inLanguage":"fr-FR","@id":"https:\/\/www.mathweb.fr\/euclide\/wp-content\/uploads\/2025\/06\/cropped-logo-mathweb.webp","url":"https:\/\/www.mathweb.fr\/euclide\/wp-content\/uploads\/2025\/06\/cropped-logo-mathweb.webp","contentUrl":"https:\/\/www.mathweb.fr\/euclide\/wp-content\/uploads\/2025\/06\/cropped-logo-mathweb.webp","width":74,"height":77,"caption":"St\u00e9phane Pasquet"},"logo":{"@id":"https:\/\/www.mathweb.fr\/euclide\/wp-content\/uploads\/2025\/06\/cropped-logo-mathweb.webp"}}]}},"_links":{"self":[{"href":"https:\/\/www.mathweb.fr\/euclide\/wp-json\/wp\/v2\/pages\/1509","targetHints":{"allow":["GET"]}}],"collection":[{"href":"https:\/\/www.mathweb.fr\/euclide\/wp-json\/wp\/v2\/pages"}],"about":[{"href":"https:\/\/www.mathweb.fr\/euclide\/wp-json\/wp\/v2\/types\/page"}],"author":[{"embeddable":true,"href":"https:\/\/www.mathweb.fr\/euclide\/wp-json\/wp\/v2\/users\/1"}],"replies":[{"embeddable":true,"href":"https:\/\/www.mathweb.fr\/euclide\/wp-json\/wp\/v2\/comments?post=1509"}],"version-history":[{"count":0,"href":"https:\/\/www.mathweb.fr\/euclide\/wp-json\/wp\/v2\/pages\/1509\/revisions"}],"wp:attachment":[{"href":"https:\/\/www.mathweb.fr\/euclide\/wp-json\/wp\/v2\/media?parent=1509"}],"curies":[{"name":"wp","href":"https:\/\/api.w.org\/{rel}","templated":true}]}}