{"id":3040,"date":"2020-08-05T15:44:57","date_gmt":"2020-08-05T13:44:57","guid":{"rendered":"https:\/\/www.mathweb.fr\/euclide\/?page_id=3040"},"modified":"2023-04-16T16:18:16","modified_gmt":"2023-04-16T14:18:16","slug":"dichotomie","status":"publish","type":"page","link":"https:\/\/www.mathweb.fr\/euclide\/dichotomie\/","title":{"rendered":"Dichotomie"},"content":{"rendered":"\n<p>La <em>dichotomie<\/em> est une m\u00e9thode pour encadrer une solution \u00e0 une \u00e9quation.<\/p>\n\n\n\n<p>Par soucis de simplifier le probl\u00e8me, toutes les \u00e9quations seront ramen\u00e9es \u00e0 la forme <em>f<\/em>(<em>x<\/em>) = 0.<\/p>\n\n\n<div class=\"wp-block-image\">\n<figure class=\"aligncenter size-large\"><img loading=\"lazy\" decoding=\"async\" width=\"593\" height=\"386\" src=\"https:\/\/www.mathweb.fr\/euclide\/wp-content\/uploads\/2020\/08\/dichotomie.png\" alt=\"dichotomie python\" class=\"wp-image-3044\" srcset=\"https:\/\/www.mathweb.fr\/euclide\/wp-content\/uploads\/2020\/08\/dichotomie.png 593w, https:\/\/www.mathweb.fr\/euclide\/wp-content\/uploads\/2020\/08\/dichotomie-300x195.png 300w\" sizes=\"auto, (max-width: 593px) 100vw, 593px\" \/><figcaption class=\"wp-element-caption\">Maman intervalle et ses petits<\/figcaption><\/figure>\n<\/div>\n\n\n<figure class=\"wp-block-embed is-type-wp-embed is-provider-mathweb-fr wp-block-embed-mathweb-fr\"><div class=\"wp-block-embed__wrapper\">\nhttps:\/\/www.mathweb.fr\/euclide\/produit\/python-en-mathematiques-au-lycee\/\n<\/div><\/figure>\n\n\n\n<!--more-->\n\n\n\n<h2 class=\"wp-block-heading\">Principe de la dichotomie<\/h2>\n\n\n\n<p>Avant tout, il faut s&#8217;assurer que la fonction est continue et strictement monotone (soit strictement croissante, soit strictement d\u00e9croissante) sur un intervalle [<em>a<\/em> ; <em>b<\/em>], et que <em>f<\/em>(<em>a<\/em>) et <em>f<\/em>(<em>b<\/em>) n&#8217;ont pas le m\u00eame signe (ce qui assure, d&#8217;apr\u00e8s le corollaire du th\u00e9or\u00e8me des valeurs interm\u00e9diaires, l&#8217;existence d&#8217;une unique solution \u00e0 l&#8217;\u00e9quation sur l&#8217;intervalle consid\u00e9r\u00e9).<\/p>\n\n\n\n<p>Consid\u00e9rons donc une fonction <em>f<\/em> continue et strictement monotone sur un intervalle [<em>a<\/em>;<em>b<\/em>]. La dichotomie consiste \u00e0:<\/p>\n\n\n\n<ol class=\"wp-block-list\">\n<li>le milieu <em>m<\/em> de l&#8217;intervalle [<em>a<\/em> ; <em>b<\/em>] est calcul\u00e9<\/li>\n\n\n\n<li>son image par la fonction <em>f<\/em> est ensuite calcul\u00e9e<\/li>\n\n\n\n<li>si <em>f<\/em>(a)\u00d7<em>f<\/em>(<em>m<\/em>) &gt; 0 alors cela signifie que <em>f<\/em>(<em>a<\/em>) et <em>f<\/em>(<em>m<\/em>) ont le m\u00eame signe; comme <em>f<\/em> est strictement monotone, cela signifie donc que la solution \u00e0 l&#8217;\u00e9quation <em>f<\/em>(<em>x<\/em>) = 0 n&#8217;est pas entre <em>a<\/em> et <em>m<\/em>. Dans ce cas, elle se trouve sur l&#8217;intervalle [<em>m<\/em> ; <em>b<\/em>]. On change donc d&#8217;intervalle et [<em>a<\/em> ; <em>b<\/em>] devient [<em>m<\/em> ; <em>b<\/em>]. On va alors au point 1 tant que l&#8217;amplitude de l&#8217;intervalle est sup\u00e9rieur au seuil que l&#8217;on se fixe (par exemple, 0,001).<\/li>\n\n\n\n<li>Dans le cas contraire, [<em>a<\/em> ; <em>b<\/em>] devient [<em>a<\/em> ; <em>m<\/em>] et on repart au point 1 tant que l&#8217;amplitude de l&#8217;intervalle est sup\u00e9rieure au seuil que l&#8217;on se fixe.<\/li>\n<\/ol>\n\n\n\n<h2 class=\"wp-block-heading\">Un exemple pas \u00e0 pas de la dichotomie<\/h2>\n\n\n\n<p>Prenons:$$f(x)=x^2-2.$$Pla\u00e7ons-nous sur l&#8217;intervalle [0 ; 2] (donc <em>a<\/em> = 0 et <em>b<\/em> = 2). Voici un tableau des \u00e9tapes des calculs (en prenant une marge de 0,1 pour finir plus vite):<\/p>\n\n\n\n<figure class=\"wp-block-table aligncenter\"><table><thead><tr><th class=\"has-text-align-center\" data-align=\"center\"><em>a<\/em><\/th><th class=\"has-text-align-center\" data-align=\"center\"><em>b<\/em><\/th><th class=\"has-text-align-center\" data-align=\"center\"><em>m<\/em><\/th><th class=\"has-text-align-center\" data-align=\"center\"><em>f<\/em>(<em>a<\/em>)<\/th><th class=\"has-text-align-center\" data-align=\"center\"><em>f<\/em>(<em>b<\/em>)<\/th><th class=\"has-text-align-center\" data-align=\"center\"><em>f<\/em>(<em>m<\/em>)<\/th><th class=\"has-text-align-center\" data-align=\"center\">amplitude<\/th><\/tr><\/thead><tbody><tr><td class=\"has-text-align-center\" data-align=\"center\">0<\/td><td class=\"has-text-align-center\" data-align=\"center\">2<\/td><td class=\"has-text-align-center\" data-align=\"center\">1<\/td><td class=\"has-text-align-center\" data-align=\"center\">-2<\/td><td class=\"has-text-align-center\" data-align=\"center\">2<\/td><td class=\"has-text-align-center\" data-align=\"center\">-1<\/td><td class=\"has-text-align-center\" data-align=\"center\">2<\/td><\/tr><tr><td class=\"has-text-align-center\" data-align=\"center\">1<\/td><td class=\"has-text-align-center\" data-align=\"center\">2<\/td><td class=\"has-text-align-center\" data-align=\"center\">1.5<\/td><td class=\"has-text-align-center\" data-align=\"center\">-1<\/td><td class=\"has-text-align-center\" data-align=\"center\">2<\/td><td class=\"has-text-align-center\" data-align=\"center\">0.25<\/td><td class=\"has-text-align-center\" data-align=\"center\">1<\/td><\/tr><tr><td class=\"has-text-align-center\" data-align=\"center\">1<\/td><td class=\"has-text-align-center\" data-align=\"center\">1.5<\/td><td class=\"has-text-align-center\" data-align=\"center\">1.25<\/td><td class=\"has-text-align-center\" data-align=\"center\">-1<\/td><td class=\"has-text-align-center\" data-align=\"center\">0.25<\/td><td class=\"has-text-align-center\" data-align=\"center\">-0.4375<\/td><td class=\"has-text-align-center\" data-align=\"center\">0.5<\/td><\/tr><tr><td class=\"has-text-align-center\" data-align=\"center\">1.25<\/td><td class=\"has-text-align-center\" data-align=\"center\">1.5<\/td><td class=\"has-text-align-center\" data-align=\"center\">1.375<\/td><td class=\"has-text-align-center\" data-align=\"center\">-0.4375<\/td><td class=\"has-text-align-center\" data-align=\"center\">0.25<\/td><td class=\"has-text-align-center\" data-align=\"center\">-0.109375<\/td><td class=\"has-text-align-center\" data-align=\"center\">0.25<\/td><\/tr><tr><td class=\"has-text-align-center\" data-align=\"center\">1.375<\/td><td class=\"has-text-align-center\" data-align=\"center\">1.5<\/td><td class=\"has-text-align-center\" data-align=\"center\">1.4375<\/td><td class=\"has-text-align-center\" data-align=\"center\">-0.109375<\/td><td class=\"has-text-align-center\" data-align=\"center\">0.25<\/td><td class=\"has-text-align-center\" data-align=\"center\">0.066406<\/td><td class=\"has-text-align-center\" data-align=\"center\">0.125<\/td><\/tr><tr><td class=\"has-text-align-center\" data-align=\"center\">1.375<\/td><td class=\"has-text-align-center\" data-align=\"center\">1.4375<\/td><td class=\"has-text-align-center\" data-align=\"center\">1.40625<\/td><td class=\"has-text-align-center\" data-align=\"center\">-0.109375<\/td><td class=\"has-text-align-center\" data-align=\"center\">0.066406<\/td><td class=\"has-text-align-center\" data-align=\"center\">-0.02246<\/td><td class=\"has-text-align-center\" data-align=\"center\">0.0625<\/td><\/tr><\/tbody><\/table><\/figure>\n\n\n\n<p>D&#8217;apr\u00e8s ce tableau, la solution de l&#8217;\u00e9quation \\(x^2-2=0\\)  qui se trouve dans [0 ; 2] est la valeur \\(\\alpha\\) telle que \\(1,375 &lt; \\alpha &lt; 1,4375\\). On obtient ainsi un encadrement de la solution \u00e0 \\(10^{-1}\\) pr\u00e8s.<\/p>\n\n\n\n<h2 class=\"wp-block-heading\">Calcul de l&#8217;erreur<\/h2>\n\n\n\n<p>D&#8217;apr\u00e8s le principe de la dichotomie, les intervalles successifs sont divis\u00e9s en deux \u00e0 chaque \u00e9tape. Ainsi, le dernier intervalle (apr\u00e8s <em>n<\/em> \u00e9tapes) aura une amplitude \u00e9gale \u00e0 \\(\\displaystyle\\frac{b-a}{2^n}\\). Si \\(\\varepsilon\\) repr\u00e9sente l&#8217;amplitude maximale d\u00e9sir\u00e9e, alors:$$\\begin{align}\\frac{b-a}{2^n} \\leqslant \\varepsilon &amp; \\iff \\frac{2^n}{b-a} \\geqslant \\frac{1}{\\varepsilon}\\\\&amp;\\iff 2^n \\geqslant \\frac{b-a}{\\varepsilon}\\\\&amp;\\iff n \\geqslant \\log_2\\left(\\frac{b-a}{\\varepsilon}\\right)\\end{align}$$On dit que la vitesse de convergence est <em>lin\u00e9aire<\/em> car \\(|x_{n+1} &#8211; \\alpha| \\leqslant k|x_n &#8211; \\alpha|\\).<\/p>\n\n\n\n<p>Par exemple, si [<em>a<\/em> ; <em>b<\/em>] = [0 ; 2] comme pr\u00e9c\u00e9demment, et si nous voulons un encadrement \u00e0 \\(\\varepsilon=10^{-5}\\) pr\u00e8s, il faudra:$$n\\geqslant\\log_2\\left(2\\times10^{5}\\right)\\approx17,6$$soit au minimum 18 \u00e9tapes pour avoir un tel encadrement.<\/p>\n\n\n\n<p>Je ne suis pas l\u00e0 pour critiquer&#8230; mais quand-m\u00eame&#8230; Oserais-je dire que la dichotomie est \u00e0 la r\u00e9solution d&#8217;\u00e9quation ce que Facebook est aux r\u00e9seaux sociaux (\u00e0 savoir tout pourri) ?<\/p>\n\n\n\n<h2 class=\"wp-block-heading\">La dichotomie en Python<\/h2>\n\n\n\n<p>On ne va pas se mentir (on est entre amis), je n&#8217;ai pas fait les calculs des nombres qui paraissent dans le tableau pr\u00e9c\u00e9dent \u00e0 la main&#8230; car je ne suis pas non plus trop con&#8230; Je sais \u00e9crire une fonction Python qui le fait pour moi alors pourquoi me priver ? D&#8217;ailleurs, la voici:<\/p>\n\n\n\n<pre class=\"EnlighterJSRAW\" data-enlighter-language=\"python\" data-enlighter-theme=\"dracula\" data-enlighter-highlight=\"\" data-enlighter-linenumbers=\"\" data-enlighter-lineoffset=\"\" data-enlighter-title=\"\" data-enlighter-group=\"\">def dichotomie(f,a,b,e):\n    delta = 1\n    while delta > e:\n        m = (a + b) \/ 2\n        delta = abs(b - a)\n        if f(m) == 0:\n            return m\n        elif f(a) * f(m)  > 0:\n            a = m\n        else:\n            b = m\n    return a, b\n        \nprint( dichotomie(lambda x: x*x - 2, 0, 2, 0.001) )<\/pre>\n\n\n\n<p>Dans la fonction <em>dichotomie<\/em>, la variable <em>delta<\/em> repr\u00e9sente l&#8217;amplitude de l&#8217;intervalle, donc |<em>b<\/em> &#8211; <em>a<\/em>|. Notez que tr\u00e8s souvent, on a <em>a<\/em> &lt; <em>b<\/em>, donc la valeur absolue n&#8217;est pas n\u00e9cessaire, mais je la mets syst\u00e9matiquement par r\u00e9flexe. Tant que cette amplitude est sup\u00e9rieure \u00e0 celle donn\u00e9e en argument (repr\u00e9sent\u00e9e par la variable <em>e<\/em>), on effectue les op\u00e9rations:<\/p>\n\n\n\n<ul class=\"wp-block-list\">\n<li>le milieu de l&#8217;intervalle [<em>a<\/em> ; <em>b<\/em>] est calcul\u00e9 \u2192 ligne 4<\/li>\n\n\n\n<li>l&#8217;amplitude (qui change \u00e0 chaque fois) de l&#8217;intervalle est calcul\u00e9e \u2192 ligne 5<\/li>\n\n\n\n<li>on affiche les diff\u00e9rentes valeurs (parce que l&#8217;on est tr\u00e8s curieux) \u2192 ligne 6<\/li>\n\n\n\n<li>l&#8217;algorithme de dichotomie commence \u2192 lignes 7 \u00e0 12<\/li>\n<\/ul>\n\n\n\n<p>Il est \u00e0 noter aussi la syntaxe de la fonction sous la forme:<\/p>\n\n\n\n<pre class=\"wp-block-preformatted\">lambda x: &lt;expression&gt;<\/pre>\n\n\n\n<p>C&#8217;est un choix personnel&#8230; pour simplifier la saisie. Mais on aurait tout aussi bien pu \u00e9crire:<\/p>\n\n\n\n<pre class=\"EnlighterJSRAW\" data-enlighter-language=\"python\" data-enlighter-theme=\"dracula\" data-enlighter-highlight=\"\" data-enlighter-linenumbers=\"\" data-enlighter-lineoffset=\"\" data-enlighter-title=\"\" data-enlighter-group=\"\">def dichotomie(a,b,e):\n    delta = 1\n    while delta > e:\n        m = (a + b) \/ 2\n        delta = abs(b - a)\n        if f(m) == 0:\n            return m\n        elif f(a) * f(m)  > 0:\n            a = m\n        else:\n            b = m\n    return a, b\n\ndef f(x):\n    return x*x - 4\n\nprint( dichotomie(0, 9, 0.001) )<\/pre>\n\n\n\n<pre class=\"wp-block-preformatted\">(1.999786376953125, 2.00006103515625)<\/pre>\n\n\n\n<p>Notez alors que j&#8217;ai enlev\u00e9 un argument \u00e0 la fonction <em>dichotomie<\/em> (celui repr\u00e9sentant la fonction <em>f<\/em>) et que j&#8217;ai \u00e9crit une autre fonction retournant l&#8217;image d&#8217;un nombre <em>x<\/em>. Ces deux syntaxes sont \u00e9quivalentes.<\/p>\n\n\n\n<p>Remarquez que l&#8217;on obtient pas exactement la valeur exacte (ici, 2). Ceci est d\u00fb \u00e0 la repr\u00e9sentation des nombres en Python. <\/p>\n\n\n\n<h2 class=\"wp-block-heading\">Autres m\u00e9thodes de r\u00e9solution d&#8217;\u00e9quations<\/h2>\n\n\n\n<p>Comme je l&#8217;ai sugg\u00e9r\u00e9 pr\u00e9c\u00e9demment, cette m\u00e9thode n&#8217;est pas la plus efficace, mais elle a le m\u00e9rite d&#8217;\u00eatre simple \u00e0 comprendre.<\/p>\n\n\n\n<p>Une autre m\u00e9thode, bien plus performante mais plus compliqu\u00e9e est la <a aria-label=\"undefined (s\u2019ouvre dans un nouvel onglet)\" href=\"https:\/\/www.mathweb.fr\/euclide\/methode-de-newton\/\" target=\"_blank\" rel=\"noreferrer noopener\">m\u00e9thode de Newton<\/a>.<\/p>\n\n\n\n<p>Et n&#8217;oubliez pas que si vous avez des probl\u00e8mes en math\u00e9matiques, <a href=\"https:\/\/courspasquet.fr\" target=\"_blank\" rel=\"noreferrer noopener\">je peux vous aider par webcam<\/a> (cours ponctuels ou r\u00e9guliers).<\/p>\n","protected":false},"excerpt":{"rendered":"<p>La dichotomie est une m\u00e9thode pour encadrer une solution \u00e0 une \u00e9quation. Par soucis de simplifier le probl\u00e8me, toutes les \u00e9quations seront ramen\u00e9es \u00e0 la forme f(x) = 0.<\/p>\n","protected":false},"author":1,"featured_media":0,"parent":0,"menu_order":0,"comment_status":"open","ping_status":"closed","template":"","meta":{"footnotes":""},"class_list":["post-3040","page","type-page","status-publish","hentry"],"yoast_head":"<!-- This site is optimized with the Yoast SEO plugin v27.5 - https:\/\/yoast.com\/product\/yoast-seo-wordpress\/ -->\n<title>Dichotomie - Mathweb.fr - Avec programme en Python<\/title>\n<meta name=\"description\" content=\"La dichotomie est une m\u00e9thode algorithmique de r\u00e9solution d&#039;\u00e9quations. Nous en parlons sur cette page et nous donnons une impl\u00e9mentation Python.\" \/>\n<meta name=\"robots\" content=\"index, follow, max-snippet:-1, max-image-preview:large, max-video-preview:-1\" \/>\n<link rel=\"canonical\" href=\"https:\/\/www.mathweb.fr\/euclide\/dichotomie\/\" \/>\n<meta property=\"og:locale\" content=\"fr_FR\" \/>\n<meta property=\"og:type\" content=\"article\" \/>\n<meta property=\"og:title\" content=\"Dichotomie - Mathweb.fr - Avec programme en Python\" \/>\n<meta property=\"og:description\" content=\"La dichotomie est une m\u00e9thode algorithmique de r\u00e9solution d&#039;\u00e9quations. Nous en parlons sur cette page et nous donnons une impl\u00e9mentation Python.\" \/>\n<meta property=\"og:url\" content=\"https:\/\/www.mathweb.fr\/euclide\/dichotomie\/\" \/>\n<meta property=\"og:site_name\" content=\"Mathweb.fr\" \/>\n<meta property=\"article:modified_time\" content=\"2023-04-16T14:18:16+00:00\" \/>\n<meta property=\"og:image\" content=\"https:\/\/www.mathweb.fr\/euclide\/wp-content\/uploads\/2020\/08\/dichotomie.png\" \/>\n<meta name=\"twitter:card\" content=\"summary_large_image\" \/>\n<meta name=\"twitter:label1\" content=\"Dur\u00e9e de lecture estim\u00e9e\" \/>\n\t<meta name=\"twitter:data1\" content=\"5 minutes\" \/>\n<script type=\"application\/ld+json\" class=\"yoast-schema-graph\">{\"@context\":\"https:\\\/\\\/schema.org\",\"@graph\":[{\"@type\":\"WebPage\",\"@id\":\"https:\\\/\\\/www.mathweb.fr\\\/euclide\\\/dichotomie\\\/\",\"url\":\"https:\\\/\\\/www.mathweb.fr\\\/euclide\\\/dichotomie\\\/\",\"name\":\"Dichotomie - Mathweb.fr - Avec programme en Python\",\"isPartOf\":{\"@id\":\"https:\\\/\\\/www.mathweb.fr\\\/euclide\\\/#website\"},\"primaryImageOfPage\":{\"@id\":\"https:\\\/\\\/www.mathweb.fr\\\/euclide\\\/dichotomie\\\/#primaryimage\"},\"image\":{\"@id\":\"https:\\\/\\\/www.mathweb.fr\\\/euclide\\\/dichotomie\\\/#primaryimage\"},\"thumbnailUrl\":\"https:\\\/\\\/www.mathweb.fr\\\/euclide\\\/wp-content\\\/uploads\\\/2020\\\/08\\\/dichotomie.png\",\"datePublished\":\"2020-08-05T13:44:57+00:00\",\"dateModified\":\"2023-04-16T14:18:16+00:00\",\"description\":\"La dichotomie est une m\u00e9thode algorithmique de r\u00e9solution d'\u00e9quations. Nous en parlons sur cette page et nous donnons une impl\u00e9mentation Python.\",\"breadcrumb\":{\"@id\":\"https:\\\/\\\/www.mathweb.fr\\\/euclide\\\/dichotomie\\\/#breadcrumb\"},\"inLanguage\":\"fr-FR\",\"potentialAction\":[{\"@type\":\"ReadAction\",\"target\":[\"https:\\\/\\\/www.mathweb.fr\\\/euclide\\\/dichotomie\\\/\"]}]},{\"@type\":\"ImageObject\",\"inLanguage\":\"fr-FR\",\"@id\":\"https:\\\/\\\/www.mathweb.fr\\\/euclide\\\/dichotomie\\\/#primaryimage\",\"url\":\"https:\\\/\\\/www.mathweb.fr\\\/euclide\\\/wp-content\\\/uploads\\\/2020\\\/08\\\/dichotomie.png\",\"contentUrl\":\"https:\\\/\\\/www.mathweb.fr\\\/euclide\\\/wp-content\\\/uploads\\\/2020\\\/08\\\/dichotomie.png\",\"width\":593,\"height\":386},{\"@type\":\"BreadcrumbList\",\"@id\":\"https:\\\/\\\/www.mathweb.fr\\\/euclide\\\/dichotomie\\\/#breadcrumb\",\"itemListElement\":[{\"@type\":\"ListItem\",\"position\":1,\"name\":\"Accueil\",\"item\":\"https:\\\/\\\/www.mathweb.fr\\\/euclide\\\/\"},{\"@type\":\"ListItem\",\"position\":2,\"name\":\"Dichotomie\"}]},{\"@type\":\"WebSite\",\"@id\":\"https:\\\/\\\/www.mathweb.fr\\\/euclide\\\/#website\",\"url\":\"https:\\\/\\\/www.mathweb.fr\\\/euclide\\\/\",\"name\":\"Mathweb.fr\",\"description\":\"Math\u00e9matiques, LaTeX et Python\",\"publisher\":{\"@id\":\"https:\\\/\\\/www.mathweb.fr\\\/euclide\\\/#\\\/schema\\\/person\\\/e4d3bb07968238378f0d5052a70dcd69\"},\"potentialAction\":[{\"@type\":\"SearchAction\",\"target\":{\"@type\":\"EntryPoint\",\"urlTemplate\":\"https:\\\/\\\/www.mathweb.fr\\\/euclide\\\/?s={search_term_string}\"},\"query-input\":{\"@type\":\"PropertyValueSpecification\",\"valueRequired\":true,\"valueName\":\"search_term_string\"}}],\"inLanguage\":\"fr-FR\"},{\"@type\":[\"Person\",\"Organization\"],\"@id\":\"https:\\\/\\\/www.mathweb.fr\\\/euclide\\\/#\\\/schema\\\/person\\\/e4d3bb07968238378f0d5052a70dcd69\",\"name\":\"St\u00e9phane Pasquet\",\"image\":{\"@type\":\"ImageObject\",\"inLanguage\":\"fr-FR\",\"@id\":\"https:\\\/\\\/www.mathweb.fr\\\/euclide\\\/wp-content\\\/uploads\\\/2025\\\/06\\\/cropped-logo-mathweb.webp\",\"url\":\"https:\\\/\\\/www.mathweb.fr\\\/euclide\\\/wp-content\\\/uploads\\\/2025\\\/06\\\/cropped-logo-mathweb.webp\",\"contentUrl\":\"https:\\\/\\\/www.mathweb.fr\\\/euclide\\\/wp-content\\\/uploads\\\/2025\\\/06\\\/cropped-logo-mathweb.webp\",\"width\":74,\"height\":77,\"caption\":\"St\u00e9phane Pasquet\"},\"logo\":{\"@id\":\"https:\\\/\\\/www.mathweb.fr\\\/euclide\\\/wp-content\\\/uploads\\\/2025\\\/06\\\/cropped-logo-mathweb.webp\"}}]}<\/script>\n<!-- \/ Yoast SEO plugin. -->","yoast_head_json":{"title":"Dichotomie - Mathweb.fr - Avec programme en Python","description":"La dichotomie est une m\u00e9thode algorithmique de r\u00e9solution d'\u00e9quations. Nous en parlons sur cette page et nous donnons une impl\u00e9mentation Python.","robots":{"index":"index","follow":"follow","max-snippet":"max-snippet:-1","max-image-preview":"max-image-preview:large","max-video-preview":"max-video-preview:-1"},"canonical":"https:\/\/www.mathweb.fr\/euclide\/dichotomie\/","og_locale":"fr_FR","og_type":"article","og_title":"Dichotomie - Mathweb.fr - Avec programme en Python","og_description":"La dichotomie est une m\u00e9thode algorithmique de r\u00e9solution d'\u00e9quations. Nous en parlons sur cette page et nous donnons une impl\u00e9mentation Python.","og_url":"https:\/\/www.mathweb.fr\/euclide\/dichotomie\/","og_site_name":"Mathweb.fr","article_modified_time":"2023-04-16T14:18:16+00:00","og_image":[{"url":"https:\/\/www.mathweb.fr\/euclide\/wp-content\/uploads\/2020\/08\/dichotomie.png","type":"","width":"","height":""}],"twitter_card":"summary_large_image","twitter_misc":{"Dur\u00e9e de lecture estim\u00e9e":"5 minutes"},"schema":{"@context":"https:\/\/schema.org","@graph":[{"@type":"WebPage","@id":"https:\/\/www.mathweb.fr\/euclide\/dichotomie\/","url":"https:\/\/www.mathweb.fr\/euclide\/dichotomie\/","name":"Dichotomie - Mathweb.fr - Avec programme en Python","isPartOf":{"@id":"https:\/\/www.mathweb.fr\/euclide\/#website"},"primaryImageOfPage":{"@id":"https:\/\/www.mathweb.fr\/euclide\/dichotomie\/#primaryimage"},"image":{"@id":"https:\/\/www.mathweb.fr\/euclide\/dichotomie\/#primaryimage"},"thumbnailUrl":"https:\/\/www.mathweb.fr\/euclide\/wp-content\/uploads\/2020\/08\/dichotomie.png","datePublished":"2020-08-05T13:44:57+00:00","dateModified":"2023-04-16T14:18:16+00:00","description":"La dichotomie est une m\u00e9thode algorithmique de r\u00e9solution d'\u00e9quations. Nous en parlons sur cette page et nous donnons une impl\u00e9mentation Python.","breadcrumb":{"@id":"https:\/\/www.mathweb.fr\/euclide\/dichotomie\/#breadcrumb"},"inLanguage":"fr-FR","potentialAction":[{"@type":"ReadAction","target":["https:\/\/www.mathweb.fr\/euclide\/dichotomie\/"]}]},{"@type":"ImageObject","inLanguage":"fr-FR","@id":"https:\/\/www.mathweb.fr\/euclide\/dichotomie\/#primaryimage","url":"https:\/\/www.mathweb.fr\/euclide\/wp-content\/uploads\/2020\/08\/dichotomie.png","contentUrl":"https:\/\/www.mathweb.fr\/euclide\/wp-content\/uploads\/2020\/08\/dichotomie.png","width":593,"height":386},{"@type":"BreadcrumbList","@id":"https:\/\/www.mathweb.fr\/euclide\/dichotomie\/#breadcrumb","itemListElement":[{"@type":"ListItem","position":1,"name":"Accueil","item":"https:\/\/www.mathweb.fr\/euclide\/"},{"@type":"ListItem","position":2,"name":"Dichotomie"}]},{"@type":"WebSite","@id":"https:\/\/www.mathweb.fr\/euclide\/#website","url":"https:\/\/www.mathweb.fr\/euclide\/","name":"Mathweb.fr","description":"Math\u00e9matiques, LaTeX et Python","publisher":{"@id":"https:\/\/www.mathweb.fr\/euclide\/#\/schema\/person\/e4d3bb07968238378f0d5052a70dcd69"},"potentialAction":[{"@type":"SearchAction","target":{"@type":"EntryPoint","urlTemplate":"https:\/\/www.mathweb.fr\/euclide\/?s={search_term_string}"},"query-input":{"@type":"PropertyValueSpecification","valueRequired":true,"valueName":"search_term_string"}}],"inLanguage":"fr-FR"},{"@type":["Person","Organization"],"@id":"https:\/\/www.mathweb.fr\/euclide\/#\/schema\/person\/e4d3bb07968238378f0d5052a70dcd69","name":"St\u00e9phane Pasquet","image":{"@type":"ImageObject","inLanguage":"fr-FR","@id":"https:\/\/www.mathweb.fr\/euclide\/wp-content\/uploads\/2025\/06\/cropped-logo-mathweb.webp","url":"https:\/\/www.mathweb.fr\/euclide\/wp-content\/uploads\/2025\/06\/cropped-logo-mathweb.webp","contentUrl":"https:\/\/www.mathweb.fr\/euclide\/wp-content\/uploads\/2025\/06\/cropped-logo-mathweb.webp","width":74,"height":77,"caption":"St\u00e9phane Pasquet"},"logo":{"@id":"https:\/\/www.mathweb.fr\/euclide\/wp-content\/uploads\/2025\/06\/cropped-logo-mathweb.webp"}}]}},"_links":{"self":[{"href":"https:\/\/www.mathweb.fr\/euclide\/wp-json\/wp\/v2\/pages\/3040","targetHints":{"allow":["GET"]}}],"collection":[{"href":"https:\/\/www.mathweb.fr\/euclide\/wp-json\/wp\/v2\/pages"}],"about":[{"href":"https:\/\/www.mathweb.fr\/euclide\/wp-json\/wp\/v2\/types\/page"}],"author":[{"embeddable":true,"href":"https:\/\/www.mathweb.fr\/euclide\/wp-json\/wp\/v2\/users\/1"}],"replies":[{"embeddable":true,"href":"https:\/\/www.mathweb.fr\/euclide\/wp-json\/wp\/v2\/comments?post=3040"}],"version-history":[{"count":0,"href":"https:\/\/www.mathweb.fr\/euclide\/wp-json\/wp\/v2\/pages\/3040\/revisions"}],"wp:attachment":[{"href":"https:\/\/www.mathweb.fr\/euclide\/wp-json\/wp\/v2\/media?parent=3040"}],"curies":[{"name":"wp","href":"https:\/\/api.w.org\/{rel}","templated":true}]}}