{"id":3104,"date":"2020-08-10T11:45:11","date_gmt":"2020-08-10T09:45:11","guid":{"rendered":"https:\/\/www.mathweb.fr\/euclide\/?page_id=3104"},"modified":"2023-09-11T13:14:01","modified_gmt":"2023-09-11T11:14:01","slug":"frequence-dapparition-dune-lettre-en-python","status":"publish","type":"page","link":"https:\/\/www.mathweb.fr\/euclide\/frequence-dapparition-dune-lettre-en-python\/","title":{"rendered":"Fr\u00e9quence d&#8217;apparition d&#8217;une lettre en Python"},"content":{"rendered":"\n<p>Nous allons voir ici comment calculer la fr\u00e9quence d&#8217;apparition d&#8217;une lettre dans un texte donn\u00e9 en Python.<\/p>\n\n\n<div class=\"wp-block-image\">\n<figure class=\"aligncenter size-large\"><img loading=\"lazy\" decoding=\"async\" width=\"1024\" height=\"640\" src=\"https:\/\/www.mathweb.fr\/euclide\/wp-content\/uploads\/2020\/08\/Python-frequence-lettre-1024x640.png\" alt=\"fr\u00e9quence apparition lettre en Python\" class=\"wp-image-3105\" srcset=\"https:\/\/www.mathweb.fr\/euclide\/wp-content\/uploads\/2020\/08\/Python-frequence-lettre-1024x640.png 1024w, https:\/\/www.mathweb.fr\/euclide\/wp-content\/uploads\/2020\/08\/Python-frequence-lettre-300x188.png 300w, https:\/\/www.mathweb.fr\/euclide\/wp-content\/uploads\/2020\/08\/Python-frequence-lettre-600x375.png 600w, https:\/\/www.mathweb.fr\/euclide\/wp-content\/uploads\/2020\/08\/Python-frequence-lettre-768x480.png 768w, https:\/\/www.mathweb.fr\/euclide\/wp-content\/uploads\/2020\/08\/Python-frequence-lettre.png 1080w\" sizes=\"auto, (max-width: 1024px) 100vw, 1024px\" \/><\/figure>\n<\/div>\n\n\n<h2 class=\"wp-block-heading\">Notions de dictionnaire (n\u00e9cessaire pour calculer la fr\u00e9quence d&#8217;apparition d&#8217;une lettre en Python)<\/h2>\n\n\n\n<p>En Python, un dictionnaire est une collection d&#8217;\u00e9l\u00e9ments auxquels sont associ\u00e9es des valeurs. Pour ce qui nous int\u00e9resse, on va constituer un dictionnaire de la forme:<\/p>\n\n\n\n<pre class=\"wp-block-preformatted\">'a' : 8\n'b' : 2\n'c' : 3\n...<\/pre>\n\n\n\n<p>Les <em>valeurs<\/em> repr\u00e9senteront le nombre de fois o\u00f9 apparaissent les lettres (les lettres sont appel\u00e9es les <em>cl\u00e9s<\/em> du dictionnaire).<\/p>\n\n\n\n<p>En Python, un dictionnaire peut \u00eatre d\u00e9clar\u00e9 de deux mani\u00e8res:<\/p>\n\n\n\n<pre class=\"EnlighterJSRAW\" data-enlighter-language=\"python\" data-enlighter-theme=\"dracula\" data-enlighter-highlight=\"\" data-enlighter-linenumbers=\"false\" data-enlighter-lineoffset=\"\" data-enlighter-title=\"\" data-enlighter-group=\"\">d = dict()\n# ou\nd = {}<\/pre>\n\n\n\n<p>La deuxi\u00e8me mani\u00e8re est plus utilis\u00e9e que la premi\u00e8re car plus courte \u00e0 \u00e9crire.<\/p>\n\n\n\n<h2 class=\"wp-block-heading\">Calcul effectif de la fr\u00e9quence d&#8217;apparition des lettres dans un texte avec Python<\/h2>\n\n\n\n<h3 class=\"wp-block-heading\">Introduction<\/h3>\n\n\n\n<p>L&#8217;id\u00e9e est de parcourir un texte. \u00c0 chaque caract\u00e8re que l&#8217;on rencontre, on regarde dans le dictionnaire (initialement vide) si le caract\u00e8re est pr\u00e9sent. Si tel n&#8217;est pas le cas, on cr\u00e9\u00e9 la cl\u00e9 avec pour valeur &#8220;1&#8221;; sinon on ajoute 1 \u00e0 la valeur d\u00e9j\u00e0 existante.<\/p>\n\n\n\n<p>Je vais ici m&#8217;appuyer sur un po\u00e8me de Charles Baudelaire : L&#8217;albatros.<\/p>\n\n\n\n<div class=\"wp-block-file aligncenter\"><a id=\"wp-block-file--media-6790c4fc-0bc6-48bc-ae00-45d7e789592f\" href=\"https:\/\/www.mathweb.fr\/euclide\/wp-content\/uploads\/2020\/08\/albatros.txt\">albatros<\/a><a href=\"https:\/\/www.mathweb.fr\/euclide\/wp-content\/uploads\/2020\/08\/albatros.txt\" class=\"wp-block-file__button wp-element-button\" download aria-describedby=\"wp-block-file--media-6790c4fc-0bc6-48bc-ae00-45d7e789592f\">T\u00e9l\u00e9charger<\/a><\/div>\n\n\n\n<pre class=\"EnlighterJSRAW\" data-enlighter-language=\"python\" data-enlighter-theme=\"dracula\" data-enlighter-highlight=\"\" data-enlighter-linenumbers=\"\" data-enlighter-lineoffset=\"\" data-enlighter-title=\"\" data-enlighter-group=\"\">car = [ ' ' , ',' , ':' , ';' , '.' , \"'\" , '-' , '!' , '?' ]\n\ndef freq(texte):\n    d = {}\n    for c in texte:\n        if c.lower() not in d:\n            if c not in car:\n                d[c.lower()] = 1\n        else:\n            d[c.lower()] += 1\n            \n    return d\n\ntexte = \"\"\n\nwith open('albatros.txt' , encoding='utf8') as poeme:\n    for ligne in poeme:\n        texte += ligne.replace('\\n','')\n        \nL = sorted(freq(texte).items(), key = lambda colonne: colonne[1] , reverse = True)\nfor i in L:\n    print('{} : {}'.format(i[0],i[1]))<\/pre>\n\n\n\n<p>qui donne:<\/p>\n\n\n\n<pre class=\"wp-block-preformatted\">e : 93\ns : 56\na : 42\nl : 39\nu : 37\ni : 35\nn : 33\nt : 33\nr : 30\no : 25\nm : 21\nd : 17\nc : 17\np : 12\ng : 12\nv : 10\nh : 10\n\u00e9 : 9\nb : 8\nq : 7\nx : 4\nf : 3\ny : 2\n\u00e0 : 2\n\u00e8 : 2\n\u00ea : 2\nz : 1\n\u00ee : 1\n\u00f4 : 1\n\u00fb : 1<\/pre>\n\n\n\n<h3 class=\"wp-block-heading\">Explications<\/h3>\n\n\n\n<p>La ligne 1 du programme construit une liste des caract\u00e8res que je souhaite ignorer lors de l&#8217;analyse du texte. Inutile de compter le nombre de virgules, de point d&#8217;exclamation et autres sigles superflus).<\/p>\n\n\n\n<p>Lignes 3 \u00e0 12 : la fonction qui construit le dictionnaire contenant toutes les lettres du texte.<\/p>\n\n\n\n<ul class=\"wp-block-list\">\n<li>On initialise le dictionnaire (\u2192 ligne 4);<\/li>\n\n\n\n<li>on parcourt tout le texte en faisant une boucle de variable <em>c<\/em> (\u2192 ligne 5);<\/li>\n\n\n\n<li>si la minuscule de la lettre sur laquelle on est  n&#8217;est pas encore dans le dictionnaire (\u2192 ligne 6) <\/li>\n\n\n\n<li>et si le caract\u00e8re n&#8217;est pas dans notre blacklist <em>car<\/em> (\u2192 ligne 7) alors on l&#8217;ins\u00e8re dans le dictionnaire;<\/li>\n\n\n\n<li>sinon (\u2192 ligne 9), on incr\u00e9mente la valeur (car on rencontre une fois de plus la lettre) \u2192 ligne 10;<\/li>\n\n\n\n<li>on finit par retourner le dictionnaire <em>d<\/em> (\u2192 ligne 12).<\/li>\n<\/ul>\n\n\n\n<p>Ensuite (\u2192 ligne 14) on initialise la variable <em>texte<\/em> comme une cha\u00eene de caract\u00e8res vide.<\/p>\n\n\n\n<p>Les lignes 16 \u00e0 18 construisent la variable <em>texte<\/em>:<\/p>\n\n\n\n<ul class=\"wp-block-list\">\n<li>ouvrir le fichier nomm\u00e9 &#8220;albatros.txt&#8221;; il contient le po\u00e8me de Charles Baudelaire: L&#8217;albatros (\u2192 ligne 16). La variable <em>poeme<\/em> repr\u00e9sente ce fichier;<\/li>\n\n\n\n<li>ensuite, on parcours ce fichier ligne par ligne (\u2192 ligne 17);<\/li>\n\n\n\n<li>on ajoute au fur et \u00e0 mesure chaque ligne \u00e0 la variable <em>texte<\/em> (\u2192 ligne 18) en supprimant &#8220;\\n&#8221;; il faut savoir que &#8220;\\n&#8221; d\u00e9signe en Python un retour \u00e0 la ligne.<\/li>\n<\/ul>\n\n\n\n<p>Ensuite (\u2192 ligne 20), on construit une liste avec les \u00e9l\u00e9ments du dictionnaire. Pour cela, on a avant tout ordonn\u00e9 les valeurs des occurrences; ainsi, la premi\u00e8re valeur de la liste est le caract\u00e8re qui est r\u00e9p\u00e9t\u00e9 le plus de fois.<\/p>\n\n\n\n<p>Tout ceci est tr\u00e8s technique pour des \u00e9l\u00e8ves ne suivant pas l&#8217;enseignement NSI. Mais ce qui compte est ce qui suit pour l&#8217;enseignement des math\u00e9matiques. Car pour l&#8217;instant, nous n&#8217;avons pas encore les fr\u00e9quences.<\/p>\n\n\n\n<h3 class=\"wp-block-heading\">Calcul des fr\u00e9quences<\/h3>\n\n\n\n<p>On va donc modifier le programme pr\u00e9c\u00e9dent afin qu&#8217;il affiche non plus les nombre d&#8217;occurrences des lettres, mais leur fr\u00e9quence.<\/p>\n\n\n\n<pre class=\"EnlighterJSRAW\" data-enlighter-language=\"python\" data-enlighter-theme=\"dracula\" data-enlighter-highlight=\"\" data-enlighter-linenumbers=\"\" data-enlighter-lineoffset=\"\" data-enlighter-title=\"\" data-enlighter-group=\"\">car = [ ' ' , ',' , ':' , ';' , '.' , \"'\" , '-' , '!' , '?' ]\n\ndef freq(texte):\n    d , compteur = {} , 0\n    for c in texte:\n        if c.lower() not in d:\n            if c not in car:\n                d[c.lower()] = 1\n                compteur += 1\n        else:\n            d[c.lower()] += 1\n            compteur += 1\n            \n    return d , compteur\n\ntexte = \"\"\n\nwith open('albatros.txt' , encoding='utf8') as poeme:\n    for ligne in poeme:\n        texte += ligne.replace('\\n','')\n        \nd , compteur = freq(texte)\n        \nL = sorted(d.items(), key = lambda colonne: colonne[1] , reverse = True)\nfor i in L:\n    print('{} : {}'.format(i[0],i[1]\/compteur))<\/pre>\n\n\n\n<p>J&#8217;ai modifi\u00e9 la ligne 4 ; j&#8217;ai ajout\u00e9 une variable <em>compteur<\/em> qui a pour mission de compter toutes les lettres du texte.<\/p>\n\n\n\n<p>Aux lignes 9 et 12, j&#8217;ai ajout\u00e9 une incr\u00e9mentation de cette variable; \u00e0 chaque fois que j&#8217;ajoute une cl\u00e9 au dictionnaire (un caract\u00e8re) et \u00e0 chaque fois que je modifie une valeur.<\/p>\n\n\n\n<p>Je retourne d\u00e9sormais non plus uniquement le dictionnaire mais aussi le compteur (\u2192 ligne 14). C&#8217;est pourquoi j&#8217;ai mis la ligne 14.<\/p>\n\n\n\n<p>Et ensuite, j&#8217;affiche (\u2192 ligne 26) &#8220;i[1]\/compteur&#8221; qui correspond \u00e0 la fr\u00e9quence de la lettre (nombre d&#8217;occurrences par rapport au nombre total de lettres).<\/p>\n\n\n\n<p class=\"is-style-Paragraph-paragraph\">Notez qu&#8217;en fran\u00e7ais, les lettres accentu\u00e9es sont dissoci\u00e9es des lettres non accentu\u00e9es; par exemple, on voit un &#8220;\u00fb&#8221; et un &#8220;u&#8221; dans le dictionnaire.<\/p>\n\n\n\n<p class=\"is-style-Paragraph-paragraph\">La lettre &#8220;e&#8221; est la voyelle la plus fr\u00e9quente dans ce po\u00e8me; elle est suivie du &#8220;a&#8221;. Le &#8220;s&#8221; est la consonne la plus fr\u00e9quente.<\/p>\n\n\n\n<h2 class=\"wp-block-heading\">Et en anglais, \u00e7a donne quoi ?<\/h2>\n\n\n\n<p>J&#8217;ai test\u00e9 ce script sur le po\u00e8me de Samuel Beckett (<a href=\"http:\/\/zoldickun.over-blog.com\/article-471511.html\" target=\"_blank\" rel=\"noreferrer noopener\">trouv\u00e9 sur cette page<\/a>), et voici le r\u00e9sultat:<\/p>\n\n\n\n<pre class=\"wp-block-preformatted\">e : 0.11328125\nt : 0.095703125\ni : 0.080078125\no : 0.07421875\na : 0.068359375\ns : 0.068359375\nh : 0.06640625\nn : 0.064453125\nd : 0.056640625\nr : 0.05078125\nw : 0.041015625\nl : 0.041015625\nu : 0.03515625\ng : 0.025390625\nv : 0.021484375\nc : 0.01953125\nf : 0.017578125\ny : 0.017578125\nb : 0.013671875\nm : 0.013671875\np : 0.0078125\nk : 0.005859375\nz : 0.001953125<\/pre>\n\n\n\n<div class=\"wp-block-file aligncenter\"><a id=\"wp-block-file--media-37589e3e-ba3f-4eac-93bb-ae983850cc94\" href=\"https:\/\/www.mathweb.fr\/euclide\/wp-content\/uploads\/2020\/08\/Beckett.txt\">Beckett<\/a><a href=\"https:\/\/www.mathweb.fr\/euclide\/wp-content\/uploads\/2020\/08\/Beckett.txt\" class=\"wp-block-file__button wp-element-button\" download aria-describedby=\"wp-block-file--media-37589e3e-ba3f-4eac-93bb-ae983850cc94\">T\u00e9l\u00e9charger<\/a><\/div>\n\n\n\n<p>Le &#8220;e&#8221; arrive aussi en t\u00eate des voyelles, suivi du &#8220;i&#8221;. Quant \u00e0 la consonne la plus fr\u00e9quence, il s&#8217;agit du &#8220;t&#8221;, suivi du &#8220;s&#8221;.<\/p>\n\n\n\n<p>N&#8217;oubliez pas que si vous avez des probl\u00e8mes en maths, <a href=\"https:\/\/courspasquet.fr\" target=\"_blank\" rel=\"noreferrer noopener\">je peux vous aider par webcam<\/a> !<\/p>\n\n\n\n<p>Vous pouvez <a href=\"https:\/\/www.mathweb.fr\/euclide\/ressources-python\/\">revenir \u00e0 la liste des ressources Python au lyc\u00e9e<\/a>.<\/p>\n","protected":false},"excerpt":{"rendered":"<p>Nous allons voir ici comment calculer la fr\u00e9quence d&#8217;apparition d&#8217;une lettre dans un texte donn\u00e9 en Python. Notions de dictionnaire (n\u00e9cessaire pour calculer la fr\u00e9quence d&#8217;apparition d&#8217;une lettre en Python) En Python, un dictionnaire est une collection d&#8217;\u00e9l\u00e9ments auxquels sont associ\u00e9es des valeurs. Pour ce qui nous int\u00e9resse, on va [&hellip;]<\/p>\n","protected":false},"author":1,"featured_media":0,"parent":0,"menu_order":0,"comment_status":"open","ping_status":"closed","template":"","meta":{"footnotes":""},"class_list":["post-3104","page","type-page","status-publish","hentry"],"yoast_head":"<!-- This site is optimized with the Yoast SEO plugin v27.6 - https:\/\/yoast.com\/product\/yoast-seo-wordpress\/ -->\n<title>Fr\u00e9quence d&#039;apparition d&#039;une lettre en Python - Mathweb.fr<\/title>\n<meta name=\"description\" content=\"Comment d\u00e9terminer la fr\u00e9quence d&#039;apparition d&#039;une lettre dans un texte donn\u00e9 python (programme de 1\u00e8re sp\u00e9 maths) ?\" \/>\n<meta name=\"robots\" content=\"index, follow, max-snippet:-1, max-image-preview:large, max-video-preview:-1\" \/>\n<link rel=\"canonical\" href=\"https:\/\/www.mathweb.fr\/euclide\/frequence-dapparition-dune-lettre-en-python\/\" \/>\n<meta property=\"og:locale\" content=\"fr_FR\" \/>\n<meta property=\"og:type\" content=\"article\" \/>\n<meta property=\"og:title\" content=\"Fr\u00e9quence d&#039;apparition d&#039;une lettre en Python - Mathweb.fr\" \/>\n<meta property=\"og:description\" content=\"Comment d\u00e9terminer la fr\u00e9quence d&#039;apparition d&#039;une lettre dans un texte donn\u00e9 python (programme de 1\u00e8re sp\u00e9 maths) ?\" \/>\n<meta property=\"og:url\" content=\"https:\/\/www.mathweb.fr\/euclide\/frequence-dapparition-dune-lettre-en-python\/\" \/>\n<meta property=\"og:site_name\" content=\"Mathweb.fr\" \/>\n<meta property=\"article:modified_time\" content=\"2023-09-11T11:14:01+00:00\" \/>\n<meta property=\"og:image\" content=\"https:\/\/www.mathweb.fr\/euclide\/wp-content\/uploads\/2020\/08\/Python-frequence-lettre-1024x640.png\" \/>\n<meta name=\"twitter:card\" content=\"summary_large_image\" \/>\n<meta name=\"twitter:label1\" content=\"Dur\u00e9e de lecture estim\u00e9e\" \/>\n\t<meta name=\"twitter:data1\" content=\"4 minutes\" \/>\n<script type=\"application\/ld+json\" class=\"yoast-schema-graph\">{\"@context\":\"https:\\\/\\\/schema.org\",\"@graph\":[{\"@type\":\"WebPage\",\"@id\":\"https:\\\/\\\/www.mathweb.fr\\\/euclide\\\/frequence-dapparition-dune-lettre-en-python\\\/\",\"url\":\"https:\\\/\\\/www.mathweb.fr\\\/euclide\\\/frequence-dapparition-dune-lettre-en-python\\\/\",\"name\":\"Fr\u00e9quence d'apparition d'une lettre en Python - Mathweb.fr\",\"isPartOf\":{\"@id\":\"https:\\\/\\\/www.mathweb.fr\\\/euclide\\\/#website\"},\"primaryImageOfPage\":{\"@id\":\"https:\\\/\\\/www.mathweb.fr\\\/euclide\\\/frequence-dapparition-dune-lettre-en-python\\\/#primaryimage\"},\"image\":{\"@id\":\"https:\\\/\\\/www.mathweb.fr\\\/euclide\\\/frequence-dapparition-dune-lettre-en-python\\\/#primaryimage\"},\"thumbnailUrl\":\"https:\\\/\\\/www.mathweb.fr\\\/euclide\\\/wp-content\\\/uploads\\\/2020\\\/08\\\/Python-frequence-lettre-1024x640.png\",\"datePublished\":\"2020-08-10T09:45:11+00:00\",\"dateModified\":\"2023-09-11T11:14:01+00:00\",\"description\":\"Comment d\u00e9terminer la fr\u00e9quence d'apparition d'une lettre dans un texte donn\u00e9 python (programme de 1\u00e8re sp\u00e9 maths) ?\",\"breadcrumb\":{\"@id\":\"https:\\\/\\\/www.mathweb.fr\\\/euclide\\\/frequence-dapparition-dune-lettre-en-python\\\/#breadcrumb\"},\"inLanguage\":\"fr-FR\",\"potentialAction\":[{\"@type\":\"ReadAction\",\"target\":[\"https:\\\/\\\/www.mathweb.fr\\\/euclide\\\/frequence-dapparition-dune-lettre-en-python\\\/\"]}]},{\"@type\":\"ImageObject\",\"inLanguage\":\"fr-FR\",\"@id\":\"https:\\\/\\\/www.mathweb.fr\\\/euclide\\\/frequence-dapparition-dune-lettre-en-python\\\/#primaryimage\",\"url\":\"https:\\\/\\\/www.mathweb.fr\\\/euclide\\\/wp-content\\\/uploads\\\/2020\\\/08\\\/Python-frequence-lettre.png\",\"contentUrl\":\"https:\\\/\\\/www.mathweb.fr\\\/euclide\\\/wp-content\\\/uploads\\\/2020\\\/08\\\/Python-frequence-lettre.png\",\"width\":1080,\"height\":675},{\"@type\":\"BreadcrumbList\",\"@id\":\"https:\\\/\\\/www.mathweb.fr\\\/euclide\\\/frequence-dapparition-dune-lettre-en-python\\\/#breadcrumb\",\"itemListElement\":[{\"@type\":\"ListItem\",\"position\":1,\"name\":\"Accueil\",\"item\":\"https:\\\/\\\/www.mathweb.fr\\\/euclide\\\/\"},{\"@type\":\"ListItem\",\"position\":2,\"name\":\"Fr\u00e9quence d&rsquo;apparition d&rsquo;une lettre en Python\"}]},{\"@type\":\"WebSite\",\"@id\":\"https:\\\/\\\/www.mathweb.fr\\\/euclide\\\/#website\",\"url\":\"https:\\\/\\\/www.mathweb.fr\\\/euclide\\\/\",\"name\":\"Mathweb.fr\",\"description\":\"Math\u00e9matiques, LaTeX et Python\",\"publisher\":{\"@id\":\"https:\\\/\\\/www.mathweb.fr\\\/euclide\\\/#\\\/schema\\\/person\\\/e4d3bb07968238378f0d5052a70dcd69\"},\"potentialAction\":[{\"@type\":\"SearchAction\",\"target\":{\"@type\":\"EntryPoint\",\"urlTemplate\":\"https:\\\/\\\/www.mathweb.fr\\\/euclide\\\/?s={search_term_string}\"},\"query-input\":{\"@type\":\"PropertyValueSpecification\",\"valueRequired\":true,\"valueName\":\"search_term_string\"}}],\"inLanguage\":\"fr-FR\"},{\"@type\":[\"Person\",\"Organization\"],\"@id\":\"https:\\\/\\\/www.mathweb.fr\\\/euclide\\\/#\\\/schema\\\/person\\\/e4d3bb07968238378f0d5052a70dcd69\",\"name\":\"St\u00e9phane Pasquet\",\"image\":{\"@type\":\"ImageObject\",\"inLanguage\":\"fr-FR\",\"@id\":\"https:\\\/\\\/www.mathweb.fr\\\/euclide\\\/wp-content\\\/uploads\\\/2025\\\/06\\\/cropped-logo-mathweb.webp\",\"url\":\"https:\\\/\\\/www.mathweb.fr\\\/euclide\\\/wp-content\\\/uploads\\\/2025\\\/06\\\/cropped-logo-mathweb.webp\",\"contentUrl\":\"https:\\\/\\\/www.mathweb.fr\\\/euclide\\\/wp-content\\\/uploads\\\/2025\\\/06\\\/cropped-logo-mathweb.webp\",\"width\":74,\"height\":77,\"caption\":\"St\u00e9phane Pasquet\"},\"logo\":{\"@id\":\"https:\\\/\\\/www.mathweb.fr\\\/euclide\\\/wp-content\\\/uploads\\\/2025\\\/06\\\/cropped-logo-mathweb.webp\"}}]}<\/script>\n<!-- \/ Yoast SEO plugin. -->","yoast_head_json":{"title":"Fr\u00e9quence d'apparition d'une lettre en Python - Mathweb.fr","description":"Comment d\u00e9terminer la fr\u00e9quence d'apparition d'une lettre dans un texte donn\u00e9 python (programme de 1\u00e8re sp\u00e9 maths) ?","robots":{"index":"index","follow":"follow","max-snippet":"max-snippet:-1","max-image-preview":"max-image-preview:large","max-video-preview":"max-video-preview:-1"},"canonical":"https:\/\/www.mathweb.fr\/euclide\/frequence-dapparition-dune-lettre-en-python\/","og_locale":"fr_FR","og_type":"article","og_title":"Fr\u00e9quence d'apparition d'une lettre en Python - Mathweb.fr","og_description":"Comment d\u00e9terminer la fr\u00e9quence d'apparition d'une lettre dans un texte donn\u00e9 python (programme de 1\u00e8re sp\u00e9 maths) ?","og_url":"https:\/\/www.mathweb.fr\/euclide\/frequence-dapparition-dune-lettre-en-python\/","og_site_name":"Mathweb.fr","article_modified_time":"2023-09-11T11:14:01+00:00","og_image":[{"url":"https:\/\/www.mathweb.fr\/euclide\/wp-content\/uploads\/2020\/08\/Python-frequence-lettre-1024x640.png","type":"","width":"","height":""}],"twitter_card":"summary_large_image","twitter_misc":{"Dur\u00e9e de lecture estim\u00e9e":"4 minutes"},"schema":{"@context":"https:\/\/schema.org","@graph":[{"@type":"WebPage","@id":"https:\/\/www.mathweb.fr\/euclide\/frequence-dapparition-dune-lettre-en-python\/","url":"https:\/\/www.mathweb.fr\/euclide\/frequence-dapparition-dune-lettre-en-python\/","name":"Fr\u00e9quence d'apparition d'une lettre en Python - Mathweb.fr","isPartOf":{"@id":"https:\/\/www.mathweb.fr\/euclide\/#website"},"primaryImageOfPage":{"@id":"https:\/\/www.mathweb.fr\/euclide\/frequence-dapparition-dune-lettre-en-python\/#primaryimage"},"image":{"@id":"https:\/\/www.mathweb.fr\/euclide\/frequence-dapparition-dune-lettre-en-python\/#primaryimage"},"thumbnailUrl":"https:\/\/www.mathweb.fr\/euclide\/wp-content\/uploads\/2020\/08\/Python-frequence-lettre-1024x640.png","datePublished":"2020-08-10T09:45:11+00:00","dateModified":"2023-09-11T11:14:01+00:00","description":"Comment d\u00e9terminer la fr\u00e9quence d'apparition d'une lettre dans un texte donn\u00e9 python (programme de 1\u00e8re sp\u00e9 maths) ?","breadcrumb":{"@id":"https:\/\/www.mathweb.fr\/euclide\/frequence-dapparition-dune-lettre-en-python\/#breadcrumb"},"inLanguage":"fr-FR","potentialAction":[{"@type":"ReadAction","target":["https:\/\/www.mathweb.fr\/euclide\/frequence-dapparition-dune-lettre-en-python\/"]}]},{"@type":"ImageObject","inLanguage":"fr-FR","@id":"https:\/\/www.mathweb.fr\/euclide\/frequence-dapparition-dune-lettre-en-python\/#primaryimage","url":"https:\/\/www.mathweb.fr\/euclide\/wp-content\/uploads\/2020\/08\/Python-frequence-lettre.png","contentUrl":"https:\/\/www.mathweb.fr\/euclide\/wp-content\/uploads\/2020\/08\/Python-frequence-lettre.png","width":1080,"height":675},{"@type":"BreadcrumbList","@id":"https:\/\/www.mathweb.fr\/euclide\/frequence-dapparition-dune-lettre-en-python\/#breadcrumb","itemListElement":[{"@type":"ListItem","position":1,"name":"Accueil","item":"https:\/\/www.mathweb.fr\/euclide\/"},{"@type":"ListItem","position":2,"name":"Fr\u00e9quence d&rsquo;apparition d&rsquo;une lettre en Python"}]},{"@type":"WebSite","@id":"https:\/\/www.mathweb.fr\/euclide\/#website","url":"https:\/\/www.mathweb.fr\/euclide\/","name":"Mathweb.fr","description":"Math\u00e9matiques, LaTeX et Python","publisher":{"@id":"https:\/\/www.mathweb.fr\/euclide\/#\/schema\/person\/e4d3bb07968238378f0d5052a70dcd69"},"potentialAction":[{"@type":"SearchAction","target":{"@type":"EntryPoint","urlTemplate":"https:\/\/www.mathweb.fr\/euclide\/?s={search_term_string}"},"query-input":{"@type":"PropertyValueSpecification","valueRequired":true,"valueName":"search_term_string"}}],"inLanguage":"fr-FR"},{"@type":["Person","Organization"],"@id":"https:\/\/www.mathweb.fr\/euclide\/#\/schema\/person\/e4d3bb07968238378f0d5052a70dcd69","name":"St\u00e9phane Pasquet","image":{"@type":"ImageObject","inLanguage":"fr-FR","@id":"https:\/\/www.mathweb.fr\/euclide\/wp-content\/uploads\/2025\/06\/cropped-logo-mathweb.webp","url":"https:\/\/www.mathweb.fr\/euclide\/wp-content\/uploads\/2025\/06\/cropped-logo-mathweb.webp","contentUrl":"https:\/\/www.mathweb.fr\/euclide\/wp-content\/uploads\/2025\/06\/cropped-logo-mathweb.webp","width":74,"height":77,"caption":"St\u00e9phane Pasquet"},"logo":{"@id":"https:\/\/www.mathweb.fr\/euclide\/wp-content\/uploads\/2025\/06\/cropped-logo-mathweb.webp"}}]}},"_links":{"self":[{"href":"https:\/\/www.mathweb.fr\/euclide\/wp-json\/wp\/v2\/pages\/3104","targetHints":{"allow":["GET"]}}],"collection":[{"href":"https:\/\/www.mathweb.fr\/euclide\/wp-json\/wp\/v2\/pages"}],"about":[{"href":"https:\/\/www.mathweb.fr\/euclide\/wp-json\/wp\/v2\/types\/page"}],"author":[{"embeddable":true,"href":"https:\/\/www.mathweb.fr\/euclide\/wp-json\/wp\/v2\/users\/1"}],"replies":[{"embeddable":true,"href":"https:\/\/www.mathweb.fr\/euclide\/wp-json\/wp\/v2\/comments?post=3104"}],"version-history":[{"count":0,"href":"https:\/\/www.mathweb.fr\/euclide\/wp-json\/wp\/v2\/pages\/3104\/revisions"}],"wp:attachment":[{"href":"https:\/\/www.mathweb.fr\/euclide\/wp-json\/wp\/v2\/media?parent=3104"}],"curies":[{"name":"wp","href":"https:\/\/api.w.org\/{rel}","templated":true}]}}