{"id":3324,"date":"2020-08-29T16:30:25","date_gmt":"2020-08-29T14:30:25","guid":{"rendered":"https:\/\/www.mathweb.fr\/euclide\/?page_id=3324"},"modified":"2023-04-16T16:21:16","modified_gmt":"2023-04-16T14:21:16","slug":"ressources-nsi","status":"publish","type":"page","link":"https:\/\/www.mathweb.fr\/euclide\/ressources-nsi\/","title":{"rendered":"Ressources NSI"},"content":{"rendered":"\n<p>Vous trouverez sur cette page des liens vous menant sur des sites\/pages contenant des ressources que je trouve int\u00e9ressantes pour la NSI.<\/p>\n\n\n\n<p>N&#8217;h\u00e9sitez pas \u00e0 me contacter pour me signaler d&#8217;autres ressources.<\/p>\n\n\n\n<figure class=\"wp-block-image size-large is-style-rounded\"><img loading=\"lazy\" decoding=\"async\" width=\"800\" height=\"600\" src=\"https:\/\/www.mathweb.fr\/euclide\/wp-content\/uploads\/2020\/08\/ressources-nsi.png\" alt=\"ressources nsi\" class=\"wp-image-3326\" srcset=\"https:\/\/www.mathweb.fr\/euclide\/wp-content\/uploads\/2020\/08\/ressources-nsi.png 800w, https:\/\/www.mathweb.fr\/euclide\/wp-content\/uploads\/2020\/08\/ressources-nsi-600x450.png 600w, https:\/\/www.mathweb.fr\/euclide\/wp-content\/uploads\/2020\/08\/ressources-nsi-300x225.png 300w, https:\/\/www.mathweb.fr\/euclide\/wp-content\/uploads\/2020\/08\/ressources-nsi-768x576.png 768w\" sizes=\"auto, (max-width: 800px) 100vw, 800px\" \/><\/figure>\n\n\n\n<h2 class=\"wp-block-heading\">Avant tout, des ressources pour NSI sur mathweb ! Of course !<\/h2>\n\n\n\n<p>C&#8217;est b\u00eate mais bon ! Sur mathweb.fr, vous avez des ressources sur Python.<\/p>\n\n\n\n<figure class=\"wp-block-embed-wordpress wp-block-embed is-type-wp-embed is-provider-mathweb-fr\"><div class=\"wp-block-embed__wrapper\">\n<blockquote class=\"wp-embedded-content\" data-secret=\"zXtQnljdLK\"><a href=\"https:\/\/www.mathweb.fr\/euclide\/ressources-python\/\">Ressources Python pour le lyc\u00e9e<\/a><\/blockquote><iframe loading=\"lazy\" class=\"wp-embedded-content\" sandbox=\"allow-scripts\" security=\"restricted\" style=\"position: absolute; visibility: hidden;\" title=\"\u00ab\u00a0Ressources Python pour le lyc\u00e9e\u00a0\u00bb &#8212; Mathweb.fr\" src=\"https:\/\/www.mathweb.fr\/euclide\/ressources-python\/embed\/#?secret=oejlMaAjYm#?secret=zXtQnljdLK\" data-secret=\"zXtQnljdLK\" width=\"600\" height=\"338\" frameborder=\"0\" marginwidth=\"0\" marginheight=\"0\" scrolling=\"no\"><\/iframe>\n<\/div><figcaption>Aper\u00e7u de la page des <a href=\"https:\/\/www.mathweb.fr\/euclide\/ressources-python\/\" target=\"_blank\" rel=\"noreferrer noopener\">ressources Python<\/a><\/figcaption><\/figure>\n\n\n\n<h2 class=\"wp-block-heading\">Le site de M. Bernon, enseignant en Sciences Physiques et NSI<\/h2>\n\n\n\n<p>QCMs interactifs issus de la banque de donn\u00e9es des E3C.<\/p>\n\n\n\n<p><a href=\"https:\/\/www.bernon.fr\/index.php?page=exercice-banque-e3c-th%C3%A8me-a\" target=\"_blank\" rel=\"noreferrer noopener\">https:\/\/www.bernon.fr\/index.php?page=exercice-banque-e3c-th%C3%A8me-a<\/a><\/p>\n\n\n\n<h2 class=\"wp-block-heading\">Le site d&#8217;Eduscol<\/h2>\n\n\n\n<p>Quelques ressources officielles de Premi\u00e8re et Terminale.<\/p>\n\n\n\n<p><a href=\"https:\/\/eduscol.education.fr\/cid144156\/nsi-bac-2021.html\" target=\"_blank\" rel=\"noreferrer noopener\">https:\/\/eduscol.education.fr\/cid144156\/nsi-bac-2021.html<\/a><\/p>\n\n\n\n<h2 class=\"wp-block-heading\">Le site NSI de Montpellier<\/h2>\n\n\n\n<p><a href=\"https:\/\/www.numerique-sciences-informatiques.fr\" target=\"_blank\" rel=\"noreferrer noopener\">https:\/\/www.numerique-sciences-informatiques.fr<\/a><\/p>\n\n\n\n<h2 class=\"wp-block-heading\">Le site de Blaise Pascal<\/h2>\n\n\n\n<p>On y trouve pas mal de choses int\u00e9ressantes.<\/p>\n\n\n\n<p><a href=\"https:\/\/info.blaisepascal.fr\/nsi\" target=\"_blank\" rel=\"noreferrer noopener\">https:\/\/info.blaisepascal.fr\/nsi<\/a><\/p>\n\n\n\n<h2 class=\"wp-block-heading\">Le site mathete.net<\/h2>\n\n\n\n<p><a href=\"https:\/\/mathete.net\/nsi\/\" target=\"_blank\" rel=\"noreferrer noopener\">https:\/\/mathete.net\/nsi\/<\/a><\/p>\n\n\n\n<h2 class=\"wp-block-heading\">Le livre gratuit de G\u00e9rard Swinnen pour apprendre Python<\/h2>\n\n\n\n<p><a href=\"https:\/\/inforef.be\/swi\/python.htm\" target=\"_blank\" rel=\"noreferrer noopener\">https:\/\/inforef.be\/swi\/python.htm<\/a><\/p>\n","protected":false},"excerpt":{"rendered":"<p>Vous trouverez sur cette page des liens vous menant sur des sites\/pages contenant des ressources que je trouve int\u00e9ressantes pour la NSI. N&#8217;h\u00e9sitez pas \u00e0 me contacter pour me signaler d&#8217;autres ressources. Avant tout, des ressources pour NSI sur mathweb ! Of course ! C&#8217;est b\u00eate mais bon ! Sur [&hellip;]<\/p>\n","protected":false},"author":1,"featured_media":0,"parent":0,"menu_order":0,"comment_status":"open","ping_status":"closed","template":"","meta":{"footnotes":""},"class_list":["post-3324","page","type-page","status-publish","hentry"],"yoast_head":"<!-- This site is optimized with the Yoast SEO plugin v27.6 - https:\/\/yoast.com\/product\/yoast-seo-wordpress\/ -->\n<title>Ressources NSI - Mathweb.fr - Des liens de qualit\u00e9<\/title>\n<meta name=\"description\" content=\"Vous trouverez sur cette page des liens vers des sites vous offrant des ressources pour NSI, sites que je trouve assez int\u00e9ressants.\" \/>\n<meta name=\"robots\" content=\"index, follow, max-snippet:-1, max-image-preview:large, max-video-preview:-1\" \/>\n<link rel=\"canonical\" href=\"https:\/\/www.mathweb.fr\/euclide\/ressources-nsi\/\" \/>\n<meta property=\"og:locale\" content=\"fr_FR\" \/>\n<meta property=\"og:type\" content=\"article\" \/>\n<meta property=\"og:title\" content=\"Ressources NSI - Mathweb.fr - Des liens de qualit\u00e9\" \/>\n<meta property=\"og:description\" content=\"Vous trouverez sur cette page des liens vers des sites vous offrant des ressources pour NSI, sites que je trouve assez int\u00e9ressants.\" \/>\n<meta property=\"og:url\" content=\"https:\/\/www.mathweb.fr\/euclide\/ressources-nsi\/\" \/>\n<meta property=\"og:site_name\" content=\"Mathweb.fr\" \/>\n<meta property=\"article:modified_time\" content=\"2023-04-16T14:21:16+00:00\" \/>\n<meta property=\"og:image\" content=\"https:\/\/www.mathweb.fr\/euclide\/wp-content\/uploads\/2020\/08\/ressources-nsi.png\" \/>\n<meta name=\"twitter:card\" content=\"summary_large_image\" \/>\n<meta name=\"twitter:label1\" content=\"Dur\u00e9e de lecture estim\u00e9e\" \/>\n\t<meta name=\"twitter:data1\" content=\"1 minute\" \/>\n<script type=\"application\/ld+json\" class=\"yoast-schema-graph\">{\"@context\":\"https:\\\/\\\/schema.org\",\"@graph\":[{\"@type\":\"WebPage\",\"@id\":\"https:\\\/\\\/www.mathweb.fr\\\/euclide\\\/ressources-nsi\\\/\",\"url\":\"https:\\\/\\\/www.mathweb.fr\\\/euclide\\\/ressources-nsi\\\/\",\"name\":\"Ressources NSI - Mathweb.fr - Des liens de qualit\u00e9\",\"isPartOf\":{\"@id\":\"https:\\\/\\\/www.mathweb.fr\\\/euclide\\\/#website\"},\"primaryImageOfPage\":{\"@id\":\"https:\\\/\\\/www.mathweb.fr\\\/euclide\\\/ressources-nsi\\\/#primaryimage\"},\"image\":{\"@id\":\"https:\\\/\\\/www.mathweb.fr\\\/euclide\\\/ressources-nsi\\\/#primaryimage\"},\"thumbnailUrl\":\"https:\\\/\\\/www.mathweb.fr\\\/euclide\\\/wp-content\\\/uploads\\\/2020\\\/08\\\/ressources-nsi.png\",\"datePublished\":\"2020-08-29T14:30:25+00:00\",\"dateModified\":\"2023-04-16T14:21:16+00:00\",\"description\":\"Vous trouverez sur cette page des liens vers des sites vous offrant des ressources pour NSI, sites que je trouve assez int\u00e9ressants.\",\"breadcrumb\":{\"@id\":\"https:\\\/\\\/www.mathweb.fr\\\/euclide\\\/ressources-nsi\\\/#breadcrumb\"},\"inLanguage\":\"fr-FR\",\"potentialAction\":[{\"@type\":\"ReadAction\",\"target\":[\"https:\\\/\\\/www.mathweb.fr\\\/euclide\\\/ressources-nsi\\\/\"]}]},{\"@type\":\"ImageObject\",\"inLanguage\":\"fr-FR\",\"@id\":\"https:\\\/\\\/www.mathweb.fr\\\/euclide\\\/ressources-nsi\\\/#primaryimage\",\"url\":\"https:\\\/\\\/www.mathweb.fr\\\/euclide\\\/wp-content\\\/uploads\\\/2020\\\/08\\\/ressources-nsi.png\",\"contentUrl\":\"https:\\\/\\\/www.mathweb.fr\\\/euclide\\\/wp-content\\\/uploads\\\/2020\\\/08\\\/ressources-nsi.png\",\"width\":800,\"height\":600},{\"@type\":\"BreadcrumbList\",\"@id\":\"https:\\\/\\\/www.mathweb.fr\\\/euclide\\\/ressources-nsi\\\/#breadcrumb\",\"itemListElement\":[{\"@type\":\"ListItem\",\"position\":1,\"name\":\"Accueil\",\"item\":\"https:\\\/\\\/www.mathweb.fr\\\/euclide\\\/\"},{\"@type\":\"ListItem\",\"position\":2,\"name\":\"Ressources NSI\"}]},{\"@type\":\"WebSite\",\"@id\":\"https:\\\/\\\/www.mathweb.fr\\\/euclide\\\/#website\",\"url\":\"https:\\\/\\\/www.mathweb.fr\\\/euclide\\\/\",\"name\":\"Mathweb.fr\",\"description\":\"Math\u00e9matiques, LaTeX et Python\",\"publisher\":{\"@id\":\"https:\\\/\\\/www.mathweb.fr\\\/euclide\\\/#\\\/schema\\\/person\\\/e4d3bb07968238378f0d5052a70dcd69\"},\"potentialAction\":[{\"@type\":\"SearchAction\",\"target\":{\"@type\":\"EntryPoint\",\"urlTemplate\":\"https:\\\/\\\/www.mathweb.fr\\\/euclide\\\/?s={search_term_string}\"},\"query-input\":{\"@type\":\"PropertyValueSpecification\",\"valueRequired\":true,\"valueName\":\"search_term_string\"}}],\"inLanguage\":\"fr-FR\"},{\"@type\":[\"Person\",\"Organization\"],\"@id\":\"https:\\\/\\\/www.mathweb.fr\\\/euclide\\\/#\\\/schema\\\/person\\\/e4d3bb07968238378f0d5052a70dcd69\",\"name\":\"St\u00e9phane Pasquet\",\"image\":{\"@type\":\"ImageObject\",\"inLanguage\":\"fr-FR\",\"@id\":\"https:\\\/\\\/www.mathweb.fr\\\/euclide\\\/wp-content\\\/uploads\\\/2025\\\/06\\\/cropped-logo-mathweb.webp\",\"url\":\"https:\\\/\\\/www.mathweb.fr\\\/euclide\\\/wp-content\\\/uploads\\\/2025\\\/06\\\/cropped-logo-mathweb.webp\",\"contentUrl\":\"https:\\\/\\\/www.mathweb.fr\\\/euclide\\\/wp-content\\\/uploads\\\/2025\\\/06\\\/cropped-logo-mathweb.webp\",\"width\":74,\"height\":77,\"caption\":\"St\u00e9phane Pasquet\"},\"logo\":{\"@id\":\"https:\\\/\\\/www.mathweb.fr\\\/euclide\\\/wp-content\\\/uploads\\\/2025\\\/06\\\/cropped-logo-mathweb.webp\"}}]}<\/script>\n<!-- \/ Yoast SEO plugin. -->","yoast_head_json":{"title":"Ressources NSI - Mathweb.fr - Des liens de qualit\u00e9","description":"Vous trouverez sur cette page des liens vers des sites vous offrant des ressources pour NSI, sites que je trouve assez int\u00e9ressants.","robots":{"index":"index","follow":"follow","max-snippet":"max-snippet:-1","max-image-preview":"max-image-preview:large","max-video-preview":"max-video-preview:-1"},"canonical":"https:\/\/www.mathweb.fr\/euclide\/ressources-nsi\/","og_locale":"fr_FR","og_type":"article","og_title":"Ressources NSI - Mathweb.fr - Des liens de qualit\u00e9","og_description":"Vous trouverez sur cette page des liens vers des sites vous offrant des ressources pour NSI, sites que je trouve assez int\u00e9ressants.","og_url":"https:\/\/www.mathweb.fr\/euclide\/ressources-nsi\/","og_site_name":"Mathweb.fr","article_modified_time":"2023-04-16T14:21:16+00:00","og_image":[{"url":"https:\/\/www.mathweb.fr\/euclide\/wp-content\/uploads\/2020\/08\/ressources-nsi.png","type":"","width":"","height":""}],"twitter_card":"summary_large_image","twitter_misc":{"Dur\u00e9e de lecture estim\u00e9e":"1 minute"},"schema":{"@context":"https:\/\/schema.org","@graph":[{"@type":"WebPage","@id":"https:\/\/www.mathweb.fr\/euclide\/ressources-nsi\/","url":"https:\/\/www.mathweb.fr\/euclide\/ressources-nsi\/","name":"Ressources NSI - Mathweb.fr - Des liens de qualit\u00e9","isPartOf":{"@id":"https:\/\/www.mathweb.fr\/euclide\/#website"},"primaryImageOfPage":{"@id":"https:\/\/www.mathweb.fr\/euclide\/ressources-nsi\/#primaryimage"},"image":{"@id":"https:\/\/www.mathweb.fr\/euclide\/ressources-nsi\/#primaryimage"},"thumbnailUrl":"https:\/\/www.mathweb.fr\/euclide\/wp-content\/uploads\/2020\/08\/ressources-nsi.png","datePublished":"2020-08-29T14:30:25+00:00","dateModified":"2023-04-16T14:21:16+00:00","description":"Vous trouverez sur cette page des liens vers des sites vous offrant des ressources pour NSI, sites que je trouve assez int\u00e9ressants.","breadcrumb":{"@id":"https:\/\/www.mathweb.fr\/euclide\/ressources-nsi\/#breadcrumb"},"inLanguage":"fr-FR","potentialAction":[{"@type":"ReadAction","target":["https:\/\/www.mathweb.fr\/euclide\/ressources-nsi\/"]}]},{"@type":"ImageObject","inLanguage":"fr-FR","@id":"https:\/\/www.mathweb.fr\/euclide\/ressources-nsi\/#primaryimage","url":"https:\/\/www.mathweb.fr\/euclide\/wp-content\/uploads\/2020\/08\/ressources-nsi.png","contentUrl":"https:\/\/www.mathweb.fr\/euclide\/wp-content\/uploads\/2020\/08\/ressources-nsi.png","width":800,"height":600},{"@type":"BreadcrumbList","@id":"https:\/\/www.mathweb.fr\/euclide\/ressources-nsi\/#breadcrumb","itemListElement":[{"@type":"ListItem","position":1,"name":"Accueil","item":"https:\/\/www.mathweb.fr\/euclide\/"},{"@type":"ListItem","position":2,"name":"Ressources NSI"}]},{"@type":"WebSite","@id":"https:\/\/www.mathweb.fr\/euclide\/#website","url":"https:\/\/www.mathweb.fr\/euclide\/","name":"Mathweb.fr","description":"Math\u00e9matiques, LaTeX et Python","publisher":{"@id":"https:\/\/www.mathweb.fr\/euclide\/#\/schema\/person\/e4d3bb07968238378f0d5052a70dcd69"},"potentialAction":[{"@type":"SearchAction","target":{"@type":"EntryPoint","urlTemplate":"https:\/\/www.mathweb.fr\/euclide\/?s={search_term_string}"},"query-input":{"@type":"PropertyValueSpecification","valueRequired":true,"valueName":"search_term_string"}}],"inLanguage":"fr-FR"},{"@type":["Person","Organization"],"@id":"https:\/\/www.mathweb.fr\/euclide\/#\/schema\/person\/e4d3bb07968238378f0d5052a70dcd69","name":"St\u00e9phane Pasquet","image":{"@type":"ImageObject","inLanguage":"fr-FR","@id":"https:\/\/www.mathweb.fr\/euclide\/wp-content\/uploads\/2025\/06\/cropped-logo-mathweb.webp","url":"https:\/\/www.mathweb.fr\/euclide\/wp-content\/uploads\/2025\/06\/cropped-logo-mathweb.webp","contentUrl":"https:\/\/www.mathweb.fr\/euclide\/wp-content\/uploads\/2025\/06\/cropped-logo-mathweb.webp","width":74,"height":77,"caption":"St\u00e9phane Pasquet"},"logo":{"@id":"https:\/\/www.mathweb.fr\/euclide\/wp-content\/uploads\/2025\/06\/cropped-logo-mathweb.webp"}}]}},"_links":{"self":[{"href":"https:\/\/www.mathweb.fr\/euclide\/wp-json\/wp\/v2\/pages\/3324","targetHints":{"allow":["GET"]}}],"collection":[{"href":"https:\/\/www.mathweb.fr\/euclide\/wp-json\/wp\/v2\/pages"}],"about":[{"href":"https:\/\/www.mathweb.fr\/euclide\/wp-json\/wp\/v2\/types\/page"}],"author":[{"embeddable":true,"href":"https:\/\/www.mathweb.fr\/euclide\/wp-json\/wp\/v2\/users\/1"}],"replies":[{"embeddable":true,"href":"https:\/\/www.mathweb.fr\/euclide\/wp-json\/wp\/v2\/comments?post=3324"}],"version-history":[{"count":0,"href":"https:\/\/www.mathweb.fr\/euclide\/wp-json\/wp\/v2\/pages\/3324\/revisions"}],"wp:attachment":[{"href":"https:\/\/www.mathweb.fr\/euclide\/wp-json\/wp\/v2\/media?parent=3324"}],"curies":[{"name":"wp","href":"https:\/\/api.w.org\/{rel}","templated":true}]}}